{"id":1613,"date":"2023-08-13T07:57:14","date_gmt":"2023-08-13T07:57:14","guid":{"rendered":"https:\/\/themeholy.com\/wordpress\/rasm\/?page_id=1613"},"modified":"2025-04-17T09:34:45","modified_gmt":"2025-04-17T09:34:45","slug":"kozmetika","status":"publish","type":"page","link":"https:\/\/kameleonszepseg.hu\/index.php\/kozmetika\/","title":{"rendered":"Kozmetika"},"content":{"rendered":"\t\t<div data-elementor-type=\"wp-page\" data-elementor-id=\"1613\" class=\"elementor elementor-1613\">\n\t\t\t\t\t\t<section class=\"elementor-section elementor-top-section elementor-element elementor-element-03cac8c elementor-section-full_width elementor-section-height-default elementor-section-height-default\" data-id=\"03cac8c\" data-element_type=\"section\">\n\t\t\t\t\t\t<div class=\"elementor-container elementor-column-gap-no\">\n\t\t\t\t\t<div class=\"elementor-column elementor-col-100 elementor-top-column elementor-element elementor-element-433a4ac\" data-id=\"433a4ac\" data-element_type=\"column\">\n\t\t\t<div class=\"elementor-widget-wrap elementor-element-populated\">\n\t\t\t\t\t\t<section class=\"elementor-section elementor-inner-section elementor-element elementor-element-5e2e63f elementor-section-boxed elementor-section-height-default elementor-section-height-default\" data-id=\"5e2e63f\" data-element_type=\"section\">\n\t\t\t\t\t\t<div class=\"elementor-container elementor-column-gap-no\">\n\t\t\t\t\t<div class=\"elementor-column elementor-col-50 elementor-inner-column elementor-element elementor-element-fdaef9e page-single service-single\" data-id=\"fdaef9e\" data-element_type=\"column\">\n\t\t\t<div class=\"elementor-widget-wrap elementor-element-populated\">\n\t\t\t\t\t\t<div class=\"elementor-element elementor-element-988cdbc elementor-widget elementor-widget-rasmimage\" data-id=\"988cdbc\" data-element_type=\"widget\" data-widget_type=\"rasmimage.default\">\n\t\t\t\t<div class=\"elementor-widget-container\">\n\t\t\t\t\t<div class=\"custom_css_handelar page-img\" data-bg-src=\"https:\/\/kameleonszepseg.hu\/wp-content\/uploads\/2025\/03\/kameleonheader1.jpg\"><img decoding=\"async\" class=\"\" src=\"https:\/\/kameleonszepseg.hu\/wp-content\/uploads\/2025\/03\/kameleonheader1.jpg\" alt=\"kameleonheader1\" ><\/div>\t\t\t\t<\/div>\n\t\t\t\t<\/div>\n\t\t\t\t<div class=\"elementor-element elementor-element-31d9c55 elementor-widget elementor-widget-text-editor\" data-id=\"31d9c55\" data-element_type=\"widget\" data-widget_type=\"text-editor.default\">\n\t\t\t\t<div class=\"elementor-widget-container\">\n\t\t\t\t\t\t\t\t\t<h2><strong>Kindling T\u00edmea \u2013 Mesterkozmetikus<\/strong><\/h2><p data-start=\"30\" data-end=\"349\"><strong>1996-ban kezdtem a szakm\u00e1t<\/strong>, 2001 \u00f3ta pedig kozmetikusmesterk\u00e9nt dolgozom. M\u00e1r \u00e1ltal\u00e1nos iskol\u00e1s korom \u00f3ta kozmetikus szerettem volna lenni. Az \u00e9retts\u00e9gi megszerz\u00e9se ut\u00e1n r\u00f6gt\u00f6n folytattam kozmetikus tanulm\u00e1nyaimat. Tanul\u00f3\u00e9veimet egy budai szalonban t\u00f6lt\u00f6ttem, ahol a mesteremt\u0151l rengeteg praktik\u00e1t saj\u00e1t\u00edthattam el.<\/p><p data-start=\"351\" data-end=\"503\">Ezut\u00e1n G\u00f6d\u00f6n b\u00e9reltem egy helyis\u00e9get h\u00e9t \u00e9vig, majd val\u00f3ra v\u00e1lt az \u00e1lmom: <strong>2003-ban megnyitottam saj\u00e1t sz\u00e9ps\u00e9gszalonomat, a Kam\u00e9leon Sz\u00e9ps\u00e9gszigetet.<\/strong><\/p><h3>N\u00e9h\u00e1ny speci\u00e1lis aj\u00e1nlat szolg\u00e1ltat\u00e1saimb\u00f3l&#8230;<\/h3><div><ul><li><i><\/i>Otthoni haszn\u00e1latra adott kr\u00e9mek<\/li><li><i><\/i>Mikrodermabr\u00e1zi\u00f3 (b\u0151rcsiszol\u00e1s)<\/li><li><i><\/i>Mezoter\u00e1pi\u00e1s kezel\u00e9s<\/li><\/ul><\/div><div>\u00a0<\/div><p><img fetchpriority=\"high\" decoding=\"async\" src=\"https:\/\/kameleonszepseg.hu\/wp-content\/uploads\/2025\/03\/kameleon1-300x265.jpg\" alt=\"\" width=\"300\" height=\"265\" \/> <img decoding=\"async\" src=\"https:\/\/kameleonszepseg.hu\/wp-content\/uploads\/2025\/03\/kameleon2-300x265.jpg\" alt=\"\" width=\"300\" height=\"265\" \/><\/p><h3><span style=\"background-color: var(--white-color);\">Otthoni haszn\u00e1latra adott kr\u00e9mek<br \/><\/span><\/h3><p class=\"\" data-start=\"26\" data-end=\"139\">Egy tapasztalt kozmetikusmestert\u0151l tanultam meg <em>a nagy igazs\u00e1got<\/em>: <br \/><strong>igaz\u00e1n az ember b\u0151r\u00e9t a kozmetikusa ismeri.<\/strong><\/p><p class=\"\" data-start=\"141\" data-end=\"479\">Azoknak a kedves vend\u00e9geimnek, akik <strong>nem el\u00e9gedettek<\/strong> a bolti forgalomban kaphat\u00f3, \u00e1ltaluk kipr\u00f3b\u00e1lt arckr\u00e9mekkel, a b\u0151rt\u00edpusuknak megfelel\u0151 nappali \u00e9s \u00e9jszakai kr\u00e9met tudok aj\u00e1nlani. Ezeket az els\u0151 v\u00e1s\u00e1rl\u00e1s el\u0151tt az \u00e1ltalam adott term\u00e9kmint\u00e1val ki is pr\u00f3b\u00e1lhatj\u00e1k. <strong>A kr\u00e9mek b\u00e1rmikor megv\u00e1s\u00e1rolhat\u00f3k, nincs sz\u00fcks\u00e9g el\u0151zetes megrendel\u00e9sre.<\/strong><\/p><p class=\"\" data-start=\"481\" data-end=\"749\"><strong>Fontos tudni<\/strong>, hogy arckr\u00e9meinket \u00e9vszaknak megfelel\u0151en is cser\u00e9lni kell. Emellett a b\u0151r k\u00f6r\u00fclbel\u00fcl f\u00e9l \u00e9v alatt hozz\u00e1szokik egy adott term\u00e9khez, \u00edgy m\u00e1r nem \u00e9rj\u00fck el vele ugyanazt a hat\u00e1st, mint kezdetben. Ilyenkor gyakrabban jelentkezhetnek allergi\u00e1s reakci\u00f3k is.<\/p><h3><span style=\"background-color: var(--white-color);\">Mikrodermabr\u00e1zi\u00f3<\/span><\/h3><p class=\"\" data-start=\"44\" data-end=\"256\">Az elnevez\u00e9s val\u00f3j\u00e1ban <strong>intenz\u00edv rad\u00edroz\u00e1st<\/strong> jelent. A kezel\u00e9s <strong>kiv\u00e1l\u00f3an alkalmazhat\u00f3<\/strong> akn\u00e9s (pattan\u00e1sos) b\u0151r, \u00f6reged\u0151 b\u0151r, r\u00e1ncok, t\u00e1g p\u00f3rusok, hiperpigment\u00e1ci\u00f3 (s\u00f6t\u00e9t foltok), hegek \u00e9s terhess\u00e9gi cs\u00edkok eset\u00e9n.<\/p><p class=\"\" data-start=\"258\" data-end=\"345\">Arckezel\u00e9sek el\u0151tt is \u00e9rdemes elv\u00e9gezni, mivel jelent\u0151sen fokozza azok hat\u00e9konys\u00e1g\u00e1t.<\/p><p class=\"\" data-start=\"347\" data-end=\"645\">A kezel\u00e9s sor\u00e1n a b\u0151r fels\u0151 r\u00e9teg\u00e9n l\u00e9v\u0151 elhalt h\u00e1msejteket egy csiszol\u00f3fej seg\u00edts\u00e9g\u00e9vel t\u00e1vol\u00edtjuk el. Ez aluminium-oxid krist\u00e1lyokat f\u00faj a b\u0151rre, majd v\u00e1kuummal visszasz\u00edvja \u0151ket. Ennek hat\u00e1s\u00e1ra kollag\u00e9nben gazdag b\u0151rsejtek k\u00e9pz\u0151dnek, amelyek felfel\u00e9 haladva seg\u00edtenek az \u00faj b\u0151r kialakul\u00e1s\u00e1ban.<\/p><p class=\"\" data-start=\"647\" data-end=\"726\"><strong>A kezel\u00e9s mind\u00f6ssze kb. 10 percet vesz ig\u00e9nybe, \u00e9s teljesen f\u00e1jdalommentes.<\/strong><\/p><h3><span style=\"background-color: var(--white-color);\">Mezoter\u00e1pi\u00e1s kezel\u00e9s<\/span><\/h3><p class=\"\" data-start=\"44\" data-end=\"280\">A mezoter\u00e1pia ma m\u00e1r itthon is sz\u00e9les k\u00f6rben elterjedt elj\u00e1r\u00e1s, amely lehet\u0151v\u00e9 teszi, hogy k\u00fcl\u00f6nb\u00f6z\u0151 hat\u00f3anyagokat m\u00e9lyen a b\u0151rbe juttassunk. Ezt egy <strong>speci\u00e1lis g\u00e9ppel<\/strong> v\u00e9gzem, amely apr\u00f3 t\u0171sz\u00far\u00e1sokkal seg\u00edti a hat\u00f3anyagok be\u00e9p\u00fcl\u00e9s\u00e9t.<\/p><p class=\"\" data-start=\"282\" data-end=\"666\">A mezoter\u00e1pia <strong>rendk\u00edv\u00fcl hat\u00e9kony<\/strong>, mivel nem csup\u00e1n egyetlen hat\u00f3anyagot, hanem \u00fagynevezett mezoter\u00e1pi\u00e1s kokt\u00e9lt alkalmazok, amely <strong>t\u00f6bbf\u00e9le \u00f6sszetev\u0151t tartalmaz<\/strong>. Az elj\u00e1r\u00e1s sor\u00e1n \u00e1ltal\u00e1ban vitaminokat, kollag\u00e9nt, hialuronsavat \u00e9s gy\u00f3gyn\u00f6v\u00e9nykivonatokat juttatok a b\u0151r m\u00e9lyebb r\u00e9tegeibe, \u00edgy azok hat\u00e1sa sokkal l\u00e1tv\u00e1nyosabb, mintha csak pakol\u00e1s form\u00e1j\u00e1ban ker\u00fcln\u00e9nek a b\u0151r felsz\u00edn\u00e9re.<\/p><p class=\"\" data-start=\"668\" data-end=\"995\">Emellett az apr\u00f3 t\u0171k \u00e1ltal okozott mikros\u00e9r\u00fcl\u00e9sek serkentik a kollag\u00e9ntermel\u00e9st, ez\u00e1ltal feszesebb\u00e9 \u00e9s rugalmasabb\u00e1 teszik a b\u0151rt. A klasszikus mezoter\u00e1pia sor\u00e1n <strong>apr\u00f3, n\u00e9h\u00e1ny millim\u00e9ter hossz\u00fas\u00e1g\u00fa<\/strong> t\u0171kkel viszem be a hat\u00f3anyagokat a k\u00edv\u00e1nt ter\u00fcletre. A kezel\u00e9s el\u0151tt fert\u0151tlen\u00edtem a b\u0151rt, majd \u00e9rz\u00e9stelen\u00edt\u0151 kr\u00e9met alkalmazok.<\/p><p class=\"\" data-start=\"997\" data-end=\"1172\"><strong>Az elj\u00e1r\u00e1s 30-40 percet vesz ig\u00e9nybe.<\/strong> A kezel\u00e9s ut\u00e1n a b\u0151rnek n\u00e9h\u00e1ny \u00f3r\u00e1n \u00e1t <strong>sz\u00e1raznak kell maradnia<\/strong>, \u00e9s h\u00e1rom napig ker\u00fclni kell <strong>az<\/strong> <strong>er\u0151s napf\u00e9nyt, valamint a szol\u00e1riumot<\/strong>.<\/p>\t\t\t\t\t\t\t\t<\/div>\n\t\t\t\t<\/div>\n\t\t\t\t\t<\/div>\n\t\t<\/div>\n\t\t\t\t<div class=\"elementor-column elementor-col-50 elementor-inner-column elementor-element elementor-element-7560e0b sidebar-area service\" data-id=\"7560e0b\" data-element_type=\"column\">\n\t\t\t<div class=\"elementor-widget-wrap elementor-element-populated\">\n\t\t\t\t<div class=\"elementor-element elementor-element-c88c178 e-con-full e-flex e-con e-child\" data-id=\"c88c178\" data-element_type=\"container\" data-settings=\"{&quot;background_background&quot;:&quot;classic&quot;}\">\n\t\t\t\t<div class=\"elementor-element elementor-element-47cb72f elementor-widget elementor-widget-heading\" data-id=\"47cb72f\" data-element_type=\"widget\" data-widget_type=\"heading.default\">\n\t\t\t\t<div class=\"elementor-widget-container\">\n\t\t\t\t\t<h2 class=\"elementor-heading-title elementor-size-default\">El\u00e9rhet\u0151s\u00e9geink<\/h2>\t\t\t\t<\/div>\n\t\t\t\t<\/div>\n\t\t\t\t<div class=\"elementor-element elementor-element-7e5d29e elementor-widget elementor-widget-text-editor\" data-id=\"7e5d29e\" data-element_type=\"widget\" data-widget_type=\"text-editor.default\">\n\t\t\t\t<div class=\"elementor-widget-container\">\n\t\t\t\t\t\t\t\t\t<p>K\u00e9rd\u00e9sed lenne? Vagy szeretn\u00e9l id\u0151pontot foglalni?<\/p>\t\t\t\t\t\t\t\t<\/div>\n\t\t\t\t<\/div>\n\t\t<div class=\"elementor-element elementor-element-6684eeb e-con-full e-flex e-con e-child\" data-id=\"6684eeb\" data-element_type=\"container\" data-settings=\"{&quot;background_background&quot;:&quot;classic&quot;}\">\n\t\t\t\t<div class=\"elementor-element elementor-element-67403ef elementor-widget elementor-widget-icon-box\" data-id=\"67403ef\" data-element_type=\"widget\" data-widget_type=\"icon-box.default\">\n\t\t\t\t<div class=\"elementor-widget-container\">\n\t\t\t\t\t\t\t<div class=\"elementor-icon-box-wrapper\">\n\n\t\t\t\n\t\t\t\t\t\t<div class=\"elementor-icon-box-content\">\n\n\t\t\t\t\t\t\t\t\t<h3 class=\"elementor-icon-box-title\">\n\t\t\t\t\t\t<span  >\n\t\t\t\t\t\t\tC\u00edm\u00fcnk\t\t\t\t\t\t<\/span>\n\t\t\t\t\t<\/h3>\n\t\t\t\t\n\t\t\t\t\t\t\t\t\t<p class=\"elementor-icon-box-description\">\n\t\t\t\t\t\t2132 G\u00f6d, Kisfaludy u. 3.\t\t\t\t\t<\/p>\n\t\t\t\t\n\t\t\t<\/div>\n\t\t\t\n\t\t<\/div>\n\t\t\t\t\t\t<\/div>\n\t\t\t\t<\/div>\n\t\t\t\t<\/div>\n\t\t<div class=\"elementor-element elementor-element-b371a56 e-con-full e-flex e-con e-child\" data-id=\"b371a56\" data-element_type=\"container\" data-settings=\"{&quot;background_background&quot;:&quot;classic&quot;}\">\n\t\t\t\t<div class=\"elementor-element elementor-element-9e3f6e9 elementor-widget elementor-widget-icon-box\" data-id=\"9e3f6e9\" data-element_type=\"widget\" data-widget_type=\"icon-box.default\">\n\t\t\t\t<div class=\"elementor-widget-container\">\n\t\t\t\t\t\t\t<div class=\"elementor-icon-box-wrapper\">\n\n\t\t\t\n\t\t\t\t\t\t<div class=\"elementor-icon-box-content\">\n\n\t\t\t\t\t\t\t\t\t<h3 class=\"elementor-icon-box-title\">\n\t\t\t\t\t\t<span  >\n\t\t\t\t\t\t\tNyitvatart\u00e1s:\t\t\t\t\t\t<\/span>\n\t\t\t\t\t<\/h3>\n\t\t\t\t\n\t\t\t\t\t\t\t\t\t<p class=\"elementor-icon-box-description\">\n\t\t\t\t\t\tH\u00e9tf\u0151t\u0151l-p\u00e9ntekig: <br>\n8:00-19:00 \u00f3r\u00e1ig <br>\n\t\t\t\t\t<\/p>\n\t\t\t\t\n\t\t\t<\/div>\n\t\t\t\n\t\t<\/div>\n\t\t\t\t\t\t<\/div>\n\t\t\t\t<\/div>\n\t\t\t\t<\/div>\n\t\t<div class=\"elementor-element elementor-element-3cc0c62 e-con-full e-flex e-con e-child\" data-id=\"3cc0c62\" data-element_type=\"container\" data-settings=\"{&quot;background_background&quot;:&quot;classic&quot;}\">\n\t\t\t\t<div class=\"elementor-element elementor-element-eee6949 elementor-widget elementor-widget-icon-box\" data-id=\"eee6949\" data-element_type=\"widget\" data-widget_type=\"icon-box.default\">\n\t\t\t\t<div class=\"elementor-widget-container\">\n\t\t\t\t\t\t\t<div class=\"elementor-icon-box-wrapper\">\n\n\t\t\t\n\t\t\t\t\t\t<div class=\"elementor-icon-box-content\">\n\n\t\t\t\t\t\t\t\t\t<h3 class=\"elementor-icon-box-title\">\n\t\t\t\t\t\t<span  >\n\t\t\t\t\t\t\tKozmetikus:\t\t\t\t\t\t<\/span>\n\t\t\t\t\t<\/h3>\n\t\t\t\t\n\t\t\t\t\t\t\t\t\t<p class=\"elementor-icon-box-description\">\n\t\t\t\t\t\t+36 20 95 53 401 - Kindling T\u00edmea \n\t\t\t\t\t<\/p>\n\t\t\t\t\n\t\t\t<\/div>\n\t\t\t\n\t\t<\/div>\n\t\t\t\t\t\t<\/div>\n\t\t\t\t<\/div>\n\t\t\t\t<\/div>\n\t\t<div class=\"elementor-element elementor-element-258abbe e-con-full e-flex e-con e-child\" data-id=\"258abbe\" data-element_type=\"container\" data-settings=\"{&quot;background_background&quot;:&quot;classic&quot;}\">\n\t\t\t\t<div class=\"elementor-element elementor-element-859b829 elementor-widget elementor-widget-icon-box\" data-id=\"859b829\" data-element_type=\"widget\" data-widget_type=\"icon-box.default\">\n\t\t\t\t<div class=\"elementor-widget-container\">\n\t\t\t\t\t\t\t<div class=\"elementor-icon-box-wrapper\">\n\n\t\t\t\n\t\t\t\t\t\t<div class=\"elementor-icon-box-content\">\n\n\t\t\t\t\t\t\t\t\t<h3 class=\"elementor-icon-box-title\">\n\t\t\t\t\t\t<span  >\n\t\t\t\t\t\t\tFodr\u00e1szaink:\t\t\t\t\t\t<\/span>\n\t\t\t\t\t<\/h3>\n\t\t\t\t\n\t\t\t\t\t\t\t\t\t<p class=\"elementor-icon-box-description\">\n\t\t\t\t\t\t+36 20 38 73 019 - Kujbus \u00c9va <br>\n+36 20 37 85 834 - Ra\u00e1b G\u00e1bor <br>\n+36 20 28 77 571 - Juh\u00e1sz Judit\t\t\t\t\t<\/p>\n\t\t\t\t\n\t\t\t<\/div>\n\t\t\t\n\t\t<\/div>\n\t\t\t\t\t\t<\/div>\n\t\t\t\t<\/div>\n\t\t\t\t<\/div>\n\t\t<div class=\"elementor-element elementor-element-5c6e47f e-con-full e-flex e-con e-child\" data-id=\"5c6e47f\" data-element_type=\"container\" data-settings=\"{&quot;background_background&quot;:&quot;classic&quot;}\">\n\t\t\t\t<div class=\"elementor-element elementor-element-02eaa5b elementor-widget elementor-widget-icon-box\" data-id=\"02eaa5b\" data-element_type=\"widget\" data-widget_type=\"icon-box.default\">\n\t\t\t\t<div class=\"elementor-widget-container\">\n\t\t\t\t\t\t\t<div class=\"elementor-icon-box-wrapper\">\n\n\t\t\t\n\t\t\t\t\t\t<div class=\"elementor-icon-box-content\">\n\n\t\t\t\t\t\t\t\t\t<h3 class=\"elementor-icon-box-title\">\n\t\t\t\t\t\t<span  >\n\t\t\t\t\t\t\tMassz\u00e1zs:\t\t\t\t\t\t<\/span>\n\t\t\t\t\t<\/h3>\n\t\t\t\t\n\t\t\t\t\t\t\t\t\t<p class=\"elementor-icon-box-description\">\n\t\t\t\t\t\t+36 30 43 09 010 - Nagy Rita\t\t\t\t\t<\/p>\n\t\t\t\t\n\t\t\t<\/div>\n\t\t\t\n\t\t<\/div>\n\t\t\t\t\t\t<\/div>\n\t\t\t\t<\/div>\n\t\t\t\t<\/div>\n\t\t<div class=\"elementor-element elementor-element-4ed9782 e-con-full e-flex e-con e-child\" data-id=\"4ed9782\" data-element_type=\"container\" data-settings=\"{&quot;background_background&quot;:&quot;classic&quot;}\">\n\t\t\t\t<div class=\"elementor-element elementor-element-10a08ab elementor-widget elementor-widget-icon-box\" data-id=\"10a08ab\" data-element_type=\"widget\" data-widget_type=\"icon-box.default\">\n\t\t\t\t<div class=\"elementor-widget-container\">\n\t\t\t\t\t\t\t<div class=\"elementor-icon-box-wrapper\">\n\n\t\t\t\n\t\t\t\t\t\t<div class=\"elementor-icon-box-content\">\n\n\t\t\t\t\t\t\t\t\t<h3 class=\"elementor-icon-box-title\">\n\t\t\t\t\t\t<span  >\n\t\t\t\t\t\t\tK\u00e9z\u00e1pol\u00f3 \u00e9s m\u0171k\u00f6r\u00f6m\u00e9p\u00edt\u0151:\t\t\t\t\t\t<\/span>\n\t\t\t\t\t<\/h3>\n\t\t\t\t\n\t\t\t\t\t\t\t\t\t<p class=\"elementor-icon-box-description\">\n\t\t\t\t\t\t+36 20 54 62 313 - Csondor Evelin \t\t\t\t\t<\/p>\n\t\t\t\t\n\t\t\t<\/div>\n\t\t\t\n\t\t<\/div>\n\t\t\t\t\t\t<\/div>\n\t\t\t\t<\/div>\n\t\t\t\t<\/div>\n\t\t\t\t<\/div>\n\t\t\t\t\t<\/div>\n\t\t<\/div>\n\t\t\t\t\t<\/div>\n\t\t<\/section>\n\t\t\t\t\t<\/div>\n\t\t<\/div>\n\t\t\t\t\t<\/div>\n\t\t<\/section>\n\t\t\t\t<\/div>\n\t\t","protected":false},"excerpt":{"rendered":"<p>Kindling T\u00edmea \u2013 Mesterkozmetikus 1996-ban kezdtem a szakm\u00e1t, 2001 \u00f3ta pedig kozmetikusmesterk\u00e9nt dolgozom. M\u00e1r \u00e1ltal\u00e1nos iskol\u00e1s korom \u00f3ta kozmetikus szerettem volna lenni. Az \u00e9retts\u00e9gi megszerz\u00e9se ut\u00e1n r\u00f6gt\u00f6n folytattam kozmetikus tanulm\u00e1nyaimat. Tanul\u00f3\u00e9veimet egy budai szalonban t\u00f6lt\u00f6ttem, ahol a mesteremt\u0151l rengeteg praktik\u00e1t saj\u00e1t\u00edthattam el. Ezut\u00e1n G\u00f6d\u00f6n b\u00e9reltem egy helyis\u00e9get h\u00e9t \u00e9vig, majd val\u00f3ra v\u00e1lt az \u00e1lmom: 2003-ban&#8230;<\/p>\n","protected":false},"author":1,"featured_media":0,"parent":0,"menu_order":0,"comment_status":"closed","ping_status":"closed","template":"template-builder.php","meta":{"inline_featured_image":false,"footnotes":""},"class_list":["post-1613","page","type-page","status-publish","hentry"],"_links":{"self":[{"href":"https:\/\/kameleonszepseg.hu\/index.php\/wp-json\/wp\/v2\/pages\/1613","targetHints":{"allow":["GET"]}}],"collection":[{"href":"https:\/\/kameleonszepseg.hu\/index.php\/wp-json\/wp\/v2\/pages"}],"about":[{"href":"https:\/\/kameleonszepseg.hu\/index.php\/wp-json\/wp\/v2\/types\/page"}],"author":[{"embeddable":true,"href":"https:\/\/kameleonszepseg.hu\/index.php\/wp-json\/wp\/v2\/users\/1"}],"replies":[{"embeddable":true,"href":"https:\/\/kameleonszepseg.hu\/index.php\/wp-json\/wp\/v2\/comments?post=1613"}],"version-history":[{"count":0,"href":"https:\/\/kameleonszepseg.hu\/index.php\/wp-json\/wp\/v2\/pages\/1613\/revisions"}],"wp:attachment":[{"href":"https:\/\/kameleonszepseg.hu\/index.php\/wp-json\/wp\/v2\/media?parent=1613"}],"curies":[{"name":"wp","href":"https:\/\/api.w.org\/{rel}","templated":true}]}}