{"id":4000,"date":"2025-04-01T10:05:28","date_gmt":"2025-04-01T10:05:28","guid":{"rendered":"https:\/\/kameleonszepseg.hu\/?page_id=4000"},"modified":"2025-04-17T09:34:24","modified_gmt":"2025-04-17T09:34:24","slug":"raabgabor-fodraszmester","status":"publish","type":"page","link":"https:\/\/kameleonszepseg.hu\/index.php\/raabgabor-fodraszmester\/","title":{"rendered":"Ra\u00e1b G\u00e1bor &#8211; Fodr\u00e1szmester"},"content":{"rendered":"\t\t<div data-elementor-type=\"wp-page\" data-elementor-id=\"4000\" class=\"elementor elementor-4000\">\n\t\t\t\t\t\t<section class=\"elementor-section elementor-top-section elementor-element elementor-element-03cac8c elementor-section-full_width elementor-section-height-default elementor-section-height-default\" data-id=\"03cac8c\" data-element_type=\"section\">\n\t\t\t\t\t\t<div class=\"elementor-container elementor-column-gap-no\">\n\t\t\t\t\t<div class=\"elementor-column elementor-col-100 elementor-top-column elementor-element elementor-element-433a4ac\" data-id=\"433a4ac\" data-element_type=\"column\">\n\t\t\t<div class=\"elementor-widget-wrap elementor-element-populated\">\n\t\t\t\t\t\t<section class=\"elementor-section elementor-inner-section elementor-element elementor-element-5e2e63f elementor-section-boxed elementor-section-height-default elementor-section-height-default\" data-id=\"5e2e63f\" data-element_type=\"section\">\n\t\t\t\t\t\t<div class=\"elementor-container elementor-column-gap-no\">\n\t\t\t\t\t<div class=\"elementor-column elementor-col-50 elementor-inner-column elementor-element elementor-element-fdaef9e page-single service-single\" data-id=\"fdaef9e\" data-element_type=\"column\">\n\t\t\t<div class=\"elementor-widget-wrap elementor-element-populated\">\n\t\t\t\t\t\t<div class=\"elementor-element elementor-element-988cdbc elementor-widget elementor-widget-rasmimage\" data-id=\"988cdbc\" data-element_type=\"widget\" data-widget_type=\"rasmimage.default\">\n\t\t\t\t<div class=\"elementor-widget-container\">\n\t\t\t\t\t<div class=\"custom_css_handelar page-img\" data-bg-src=\"https:\/\/kameleonszepseg.hu\/wp-content\/uploads\/2025\/04\/kameleonheader3.jpg\"><img decoding=\"async\" class=\"\" src=\"https:\/\/kameleonszepseg.hu\/wp-content\/uploads\/2025\/04\/kameleonheader3.jpg\" alt=\"kameleonheader3\" ><\/div>\t\t\t\t<\/div>\n\t\t\t\t<\/div>\n\t\t\t\t<div class=\"elementor-element elementor-element-31d9c55 elementor-widget elementor-widget-text-editor\" data-id=\"31d9c55\" data-element_type=\"widget\" data-widget_type=\"text-editor.default\">\n\t\t\t\t<div class=\"elementor-widget-container\">\n\t\t\t\t\t\t\t\t\t<h2><strong>Ra\u00e1b G\u00e1bor \u2013 Fodr\u00e1szmester<\/strong><\/h2><p>1986-ban sz\u00fclettem Budapesten, \u00e9s G\u00f6d\u00f6n n\u0151ttem fel. 2005-ben \u00e9retts\u00e9giztem Budapesten, majd <strong>2008 nyar\u00e1n szereztem meg a fodr\u00e1sz szakmunk\u00e1s oklevelemet<\/strong> G\u00f6d\u00f6ll\u0151n. Tanul\u00f3\u00e9veim alatt h\u00e1rom oktat\u00f3val is dolgoztam, \u00edgy t\u00f6bbf\u00e9le fodr\u00e1szati technik\u00e1t saj\u00e1t\u00edthattam el. Emellett a Wella Oktat\u00e1si K\u00f6zpont neves mesterfodr\u00e1szai \u00e9l\u0151fejes oktat\u00e1sokon seg\u00edtettek abban, hogy min\u00e9l t\u00f6k\u00e9letesebben megtanuljam a szakm\u00e1t.<\/p><p>P\u00e1lyafut\u00e1somat <strong>Dunakeszin kezdtem<\/strong> egy sz\u00e9ps\u00e9gszalonban, amely f\u00e9l \u00e9vig m\u0171k\u00f6d\u00f6tt, majd <strong>2009. m\u00e1rcius 1. \u00f3ta<\/strong> a Kam\u00e9leon Sz\u00e9ps\u00e9gsziget csapat\u00e1nak tagja vagyok.<\/p><h3>Kiemelt aj\u00e1nlataim&#8230;<\/h3><div><ul><li><i><\/i>Gyermek hajv\u00e1g\u00e1s<\/li><li><i><\/i>Klasszikus hajv\u00e1g\u00e1s<\/li><li><i><\/i>Hajfest\u00e9s, mel\u00edroz\u00e1s<\/li><\/ul><\/div><h3><span style=\"background-color: var(--white-color);\">Gyermek hajv\u00e1g\u00e1s \u2013 K\u00e9nyelmes \u00e9s vid\u00e1m \u00e9lm\u00e9ny<br \/><\/span><\/h3><p class=\"\" data-start=\"56\" data-end=\"255\">A gyermek hajv\u00e1g\u00e1s n\u00e1lunk nemcsak egy szolg\u00e1ltat\u00e1s, hanem egy kellemes \u00e9lm\u00e9ny is! Kiemelten figyelek arra, hogy a kicsik j\u00f3l \u00e9rezz\u00e9k magukat, \u00e9s a hajv\u00e1g\u00e1s vid\u00e1m, stresszmentes l\u00e9gk\u00f6rben t\u00f6rt\u00e9njen.<\/p><p class=\"\" data-start=\"257\" data-end=\"540\">Legyen sz\u00f3 els\u0151 hajv\u00e1g\u00e1sr\u00f3l vagy rendszeres frizurafriss\u00edt\u00e9sr\u0151l, figyelembe veszem a gyermek hajt\u00edpus\u00e1t, ig\u00e9nyeit \u00e9s k\u00e9nyelm\u00e9t. A gyors \u00e9s prec\u00edz v\u00e1g\u00e1snak k\u00f6sz\u00f6nhet\u0151en a gyerekeknek nem kell sok\u00e1ig egy helyben \u00fclni\u00fck, mik\u00f6zben a v\u00e9geredm\u00e9ny mindig rendezett, \u00e1polt \u00e9s divatos lesz.<\/p><p class=\"\" data-start=\"542\" data-end=\"587\"><strong data-start=\"542\" data-end=\"584\">Szeretettel v\u00e1rok minden kis vend\u00e9get!<\/strong><\/p><h3><span style=\"background-color: var(--white-color);\">Klasszikus hajv\u00e1g\u00e1s<br \/><\/span><\/h3><p class=\"\" data-start=\"69\" data-end=\"255\">A klasszikus hajv\u00e1g\u00e1s a letisztult, eleg\u00e1ns megjelen\u00e9s alapja. A vend\u00e9g hajt\u00edpus\u00e1nak \u00e9s arcform\u00e1j\u00e1nak megfelel\u0151en alak\u00edtom ki a frizur\u00e1t, figyelve a r\u00e9szletekre \u00e9s a t\u00f6k\u00e9letes form\u00e1ra.<\/p><p class=\"\" data-start=\"257\" data-end=\"511\">Ez a st\u00edlusos \u00e9s \u00e1polt megjelen\u00e9st biztos\u00edt\u00f3 v\u00e1g\u00e1s ide\u00e1lis v\u00e1laszt\u00e1s azok sz\u00e1m\u00e1ra, akik a hagyom\u00e1nyos, m\u00e9gis modern eleganci\u00e1t r\u00e9szes\u00edtik el\u0151nyben. Legyen sz\u00f3 r\u00f6videbb vagy hosszabb hajr\u00f3l, a klasszikus fazon mindig id\u0151t\u00e1ll\u00f3 \u00e9s k\u00f6nnyen kezelhet\u0151 marad.<\/p><h3><span style=\"background-color: var(--white-color);\">Hajfest\u00e9s \u00e9s mel\u00edroz\u00e1s<\/span><\/h3><p class=\"\" data-start=\"67\" data-end=\"352\">A hajfest\u00e9s \u00e9s mel\u00edroz\u00e1s nemcsak a megjelen\u00e9s friss\u00edt\u00e9s\u00e9re, hanem a szem\u00e9lyis\u00e9ged kiemel\u00e9s\u00e9re is t\u00f6k\u00e9letes megold\u00e1s. Az egy\u00e9ni ig\u00e9nyeidhez \u00e9s st\u00edlusodhoz igazodva seg\u00edtek megtal\u00e1lni a hozz\u00e1d legjobban ill\u0151 \u00e1rnyalatot, legyen sz\u00f3 term\u00e9szetes t\u00f3nusokr\u00f3l vagy mer\u00e9sz, divatos sz\u00ednekr\u0151l.<\/p><p class=\"\" data-start=\"354\" data-end=\"583\">A mel\u00edroz\u00e1s finom vagy kontrasztos \u00e1rnyalatokkal ad m\u00e9lys\u00e9get \u00e9s dimenzi\u00f3t a hajnak, kiemelve annak term\u00e9szetes sz\u00e9ps\u00e9g\u00e9t. K\u00edm\u00e9letes, professzion\u00e1lis term\u00e9kekkel dolgozom, hogy hajad eg\u00e9szs\u00e9ges, f\u00e9nyes \u00e9s \u00e9lettel teli maradjon.<\/p>\t\t\t\t\t\t\t\t<\/div>\n\t\t\t\t<\/div>\n\t\t\t\t\t<\/div>\n\t\t<\/div>\n\t\t\t\t<div class=\"elementor-column elementor-col-50 elementor-inner-column elementor-element elementor-element-7560e0b sidebar-area service\" data-id=\"7560e0b\" data-element_type=\"column\">\n\t\t\t<div class=\"elementor-widget-wrap elementor-element-populated\">\n\t\t\t\t<div class=\"elementor-element elementor-element-13eb324 e-con-full e-flex e-con e-child\" data-id=\"13eb324\" data-element_type=\"container\" data-settings=\"{&quot;background_background&quot;:&quot;classic&quot;}\">\n\t\t\t\t<div class=\"elementor-element elementor-element-e5f9fc0 elementor-widget elementor-widget-heading\" data-id=\"e5f9fc0\" data-element_type=\"widget\" data-widget_type=\"heading.default\">\n\t\t\t\t<div class=\"elementor-widget-container\">\n\t\t\t\t\t<h2 class=\"elementor-heading-title elementor-size-default\">El\u00e9rhet\u0151s\u00e9geink<\/h2>\t\t\t\t<\/div>\n\t\t\t\t<\/div>\n\t\t\t\t<div class=\"elementor-element elementor-element-57b2554 elementor-widget elementor-widget-text-editor\" data-id=\"57b2554\" data-element_type=\"widget\" data-widget_type=\"text-editor.default\">\n\t\t\t\t<div class=\"elementor-widget-container\">\n\t\t\t\t\t\t\t\t\t<p>K\u00e9rd\u00e9sed lenne? Vagy szeretn\u00e9l id\u0151pontot foglalni?<\/p>\t\t\t\t\t\t\t\t<\/div>\n\t\t\t\t<\/div>\n\t\t<div class=\"elementor-element elementor-element-f015848 e-con-full e-flex e-con e-child\" data-id=\"f015848\" data-element_type=\"container\" data-settings=\"{&quot;background_background&quot;:&quot;classic&quot;}\">\n\t\t\t\t<div class=\"elementor-element elementor-element-9b47ac7 elementor-widget elementor-widget-icon-box\" data-id=\"9b47ac7\" data-element_type=\"widget\" data-widget_type=\"icon-box.default\">\n\t\t\t\t<div class=\"elementor-widget-container\">\n\t\t\t\t\t\t\t<div class=\"elementor-icon-box-wrapper\">\n\n\t\t\t\n\t\t\t\t\t\t<div class=\"elementor-icon-box-content\">\n\n\t\t\t\t\t\t\t\t\t<h3 class=\"elementor-icon-box-title\">\n\t\t\t\t\t\t<span  >\n\t\t\t\t\t\t\tC\u00edm\u00fcnk\t\t\t\t\t\t<\/span>\n\t\t\t\t\t<\/h3>\n\t\t\t\t\n\t\t\t\t\t\t\t\t\t<p class=\"elementor-icon-box-description\">\n\t\t\t\t\t\t2132 G\u00f6d, Kisfaludy u. 3.\t\t\t\t\t<\/p>\n\t\t\t\t\n\t\t\t<\/div>\n\t\t\t\n\t\t<\/div>\n\t\t\t\t\t\t<\/div>\n\t\t\t\t<\/div>\n\t\t\t\t<\/div>\n\t\t<div class=\"elementor-element elementor-element-169baef e-con-full e-flex e-con e-child\" data-id=\"169baef\" data-element_type=\"container\" data-settings=\"{&quot;background_background&quot;:&quot;classic&quot;}\">\n\t\t\t\t<div class=\"elementor-element elementor-element-8016f61 elementor-widget elementor-widget-icon-box\" data-id=\"8016f61\" data-element_type=\"widget\" data-widget_type=\"icon-box.default\">\n\t\t\t\t<div class=\"elementor-widget-container\">\n\t\t\t\t\t\t\t<div class=\"elementor-icon-box-wrapper\">\n\n\t\t\t\n\t\t\t\t\t\t<div class=\"elementor-icon-box-content\">\n\n\t\t\t\t\t\t\t\t\t<h3 class=\"elementor-icon-box-title\">\n\t\t\t\t\t\t<span  >\n\t\t\t\t\t\t\tNyitvatart\u00e1s:\t\t\t\t\t\t<\/span>\n\t\t\t\t\t<\/h3>\n\t\t\t\t\n\t\t\t\t\t\t\t\t\t<p class=\"elementor-icon-box-description\">\n\t\t\t\t\t\tH\u00e9tf\u0151t\u0151l-p\u00e9ntekig: <br>\n8:00-19:00 \u00f3r\u00e1ig <br>\n\t\t\t\t\t<\/p>\n\t\t\t\t\n\t\t\t<\/div>\n\t\t\t\n\t\t<\/div>\n\t\t\t\t\t\t<\/div>\n\t\t\t\t<\/div>\n\t\t\t\t<\/div>\n\t\t<div class=\"elementor-element elementor-element-1887ed1 e-con-full e-flex e-con e-child\" data-id=\"1887ed1\" data-element_type=\"container\" data-settings=\"{&quot;background_background&quot;:&quot;classic&quot;}\">\n\t\t\t\t<div class=\"elementor-element elementor-element-b8e3344 elementor-widget elementor-widget-icon-box\" data-id=\"b8e3344\" data-element_type=\"widget\" data-widget_type=\"icon-box.default\">\n\t\t\t\t<div class=\"elementor-widget-container\">\n\t\t\t\t\t\t\t<div class=\"elementor-icon-box-wrapper\">\n\n\t\t\t\n\t\t\t\t\t\t<div class=\"elementor-icon-box-content\">\n\n\t\t\t\t\t\t\t\t\t<h3 class=\"elementor-icon-box-title\">\n\t\t\t\t\t\t<span  >\n\t\t\t\t\t\t\tKozmetikus:\t\t\t\t\t\t<\/span>\n\t\t\t\t\t<\/h3>\n\t\t\t\t\n\t\t\t\t\t\t\t\t\t<p class=\"elementor-icon-box-description\">\n\t\t\t\t\t\t+36 20 95 53 401 - Kindling T\u00edmea \n\t\t\t\t\t<\/p>\n\t\t\t\t\n\t\t\t<\/div>\n\t\t\t\n\t\t<\/div>\n\t\t\t\t\t\t<\/div>\n\t\t\t\t<\/div>\n\t\t\t\t<\/div>\n\t\t<div class=\"elementor-element elementor-element-9c3e627 e-con-full e-flex e-con e-child\" data-id=\"9c3e627\" data-element_type=\"container\" data-settings=\"{&quot;background_background&quot;:&quot;classic&quot;}\">\n\t\t\t\t<div class=\"elementor-element elementor-element-1cd51c7 elementor-widget elementor-widget-icon-box\" data-id=\"1cd51c7\" data-element_type=\"widget\" data-widget_type=\"icon-box.default\">\n\t\t\t\t<div class=\"elementor-widget-container\">\n\t\t\t\t\t\t\t<div class=\"elementor-icon-box-wrapper\">\n\n\t\t\t\n\t\t\t\t\t\t<div class=\"elementor-icon-box-content\">\n\n\t\t\t\t\t\t\t\t\t<h3 class=\"elementor-icon-box-title\">\n\t\t\t\t\t\t<span  >\n\t\t\t\t\t\t\tFodr\u00e1szaink:\t\t\t\t\t\t<\/span>\n\t\t\t\t\t<\/h3>\n\t\t\t\t\n\t\t\t\t\t\t\t\t\t<p class=\"elementor-icon-box-description\">\n\t\t\t\t\t\t+36 20 38 73 019 - Kujbus \u00c9va <br>\n+36 20 37 85 834 - Ra\u00e1b G\u00e1bor <br>\n+36 20 28 77 571 - Juh\u00e1sz Judit\t\t\t\t\t<\/p>\n\t\t\t\t\n\t\t\t<\/div>\n\t\t\t\n\t\t<\/div>\n\t\t\t\t\t\t<\/div>\n\t\t\t\t<\/div>\n\t\t\t\t<\/div>\n\t\t<div class=\"elementor-element elementor-element-a7e4704 e-con-full e-flex e-con e-child\" data-id=\"a7e4704\" data-element_type=\"container\" data-settings=\"{&quot;background_background&quot;:&quot;classic&quot;}\">\n\t\t\t\t<div class=\"elementor-element elementor-element-8f670a6 elementor-widget elementor-widget-icon-box\" data-id=\"8f670a6\" data-element_type=\"widget\" data-widget_type=\"icon-box.default\">\n\t\t\t\t<div class=\"elementor-widget-container\">\n\t\t\t\t\t\t\t<div class=\"elementor-icon-box-wrapper\">\n\n\t\t\t\n\t\t\t\t\t\t<div class=\"elementor-icon-box-content\">\n\n\t\t\t\t\t\t\t\t\t<h3 class=\"elementor-icon-box-title\">\n\t\t\t\t\t\t<span  >\n\t\t\t\t\t\t\tMassz\u00e1zs:\t\t\t\t\t\t<\/span>\n\t\t\t\t\t<\/h3>\n\t\t\t\t\n\t\t\t\t\t\t\t\t\t<p class=\"elementor-icon-box-description\">\n\t\t\t\t\t\t+36 30 43 09 010 - Nagy Rita\t\t\t\t\t<\/p>\n\t\t\t\t\n\t\t\t<\/div>\n\t\t\t\n\t\t<\/div>\n\t\t\t\t\t\t<\/div>\n\t\t\t\t<\/div>\n\t\t\t\t<\/div>\n\t\t<div class=\"elementor-element elementor-element-de0febe e-con-full e-flex e-con e-child\" data-id=\"de0febe\" data-element_type=\"container\" data-settings=\"{&quot;background_background&quot;:&quot;classic&quot;}\">\n\t\t\t\t<div class=\"elementor-element elementor-element-81d38ba elementor-widget elementor-widget-icon-box\" data-id=\"81d38ba\" data-element_type=\"widget\" data-widget_type=\"icon-box.default\">\n\t\t\t\t<div class=\"elementor-widget-container\">\n\t\t\t\t\t\t\t<div class=\"elementor-icon-box-wrapper\">\n\n\t\t\t\n\t\t\t\t\t\t<div class=\"elementor-icon-box-content\">\n\n\t\t\t\t\t\t\t\t\t<h3 class=\"elementor-icon-box-title\">\n\t\t\t\t\t\t<span  >\n\t\t\t\t\t\t\tK\u00e9z\u00e1pol\u00f3 \u00e9s m\u0171k\u00f6r\u00f6m\u00e9p\u00edt\u0151:\t\t\t\t\t\t<\/span>\n\t\t\t\t\t<\/h3>\n\t\t\t\t\n\t\t\t\t\t\t\t\t\t<p class=\"elementor-icon-box-description\">\n\t\t\t\t\t\t+36 20 54 62 313 - Csondor Evelin \t\t\t\t\t<\/p>\n\t\t\t\t\n\t\t\t<\/div>\n\t\t\t\n\t\t<\/div>\n\t\t\t\t\t\t<\/div>\n\t\t\t\t<\/div>\n\t\t\t\t<\/div>\n\t\t\t\t<\/div>\n\t\t\t\t\t<\/div>\n\t\t<\/div>\n\t\t\t\t\t<\/div>\n\t\t<\/section>\n\t\t\t\t\t<\/div>\n\t\t<\/div>\n\t\t\t\t\t<\/div>\n\t\t<\/section>\n\t\t\t\t<\/div>\n\t\t","protected":false},"excerpt":{"rendered":"<p>Ra\u00e1b G\u00e1bor \u2013 Fodr\u00e1szmester 1986-ban sz\u00fclettem Budapesten, \u00e9s G\u00f6d\u00f6n n\u0151ttem fel. 2005-ben \u00e9retts\u00e9giztem Budapesten, majd 2008 nyar\u00e1n szereztem meg a fodr\u00e1sz szakmunk\u00e1s oklevelemet G\u00f6d\u00f6ll\u0151n. Tanul\u00f3\u00e9veim alatt h\u00e1rom oktat\u00f3val is dolgoztam, \u00edgy t\u00f6bbf\u00e9le fodr\u00e1szati technik\u00e1t saj\u00e1t\u00edthattam el. Emellett a Wella Oktat\u00e1si K\u00f6zpont neves mesterfodr\u00e1szai \u00e9l\u0151fejes oktat\u00e1sokon seg\u00edtettek abban, hogy min\u00e9l t\u00f6k\u00e9letesebben megtanuljam a szakm\u00e1t. P\u00e1lyafut\u00e1somat Dunakeszin&#8230;<\/p>\n","protected":false},"author":1,"featured_media":0,"parent":0,"menu_order":0,"comment_status":"closed","ping_status":"closed","template":"template-builder.php","meta":{"inline_featured_image":false,"footnotes":""},"class_list":["post-4000","page","type-page","status-publish","hentry"],"_links":{"self":[{"href":"https:\/\/kameleonszepseg.hu\/index.php\/wp-json\/wp\/v2\/pages\/4000","targetHints":{"allow":["GET"]}}],"collection":[{"href":"https:\/\/kameleonszepseg.hu\/index.php\/wp-json\/wp\/v2\/pages"}],"about":[{"href":"https:\/\/kameleonszepseg.hu\/index.php\/wp-json\/wp\/v2\/types\/page"}],"author":[{"embeddable":true,"href":"https:\/\/kameleonszepseg.hu\/index.php\/wp-json\/wp\/v2\/users\/1"}],"replies":[{"embeddable":true,"href":"https:\/\/kameleonszepseg.hu\/index.php\/wp-json\/wp\/v2\/comments?post=4000"}],"version-history":[{"count":0,"href":"https:\/\/kameleonszepseg.hu\/index.php\/wp-json\/wp\/v2\/pages\/4000\/revisions"}],"wp:attachment":[{"href":"https:\/\/kameleonszepseg.hu\/index.php\/wp-json\/wp\/v2\/media?parent=4000"}],"curies":[{"name":"wp","href":"https:\/\/api.w.org\/{rel}","templated":true}]}}