{"id":4018,"date":"2025-04-03T09:36:41","date_gmt":"2025-04-03T09:36:41","guid":{"rendered":"https:\/\/kameleonszepseg.hu\/?page_id=4018"},"modified":"2026-03-02T13:21:48","modified_gmt":"2026-03-02T13:21:48","slug":"kovacs-veronika-manikur-es-koromdizajner","status":"publish","type":"page","link":"https:\/\/kameleonszepseg.hu\/index.php\/kovacs-veronika-manikur-es-koromdizajner\/","title":{"rendered":"Kov\u00e1cs Veronika &#8211; Manik\u0171r \u00e9s k\u00f6r\u00f6mdiz\u00e1jner"},"content":{"rendered":"\t\t<div data-elementor-type=\"wp-page\" data-elementor-id=\"4018\" class=\"elementor elementor-4018\">\n\t\t\t\t\t\t<section class=\"elementor-section elementor-top-section elementor-element elementor-element-03cac8c elementor-section-full_width elementor-section-height-default elementor-section-height-default\" data-id=\"03cac8c\" data-element_type=\"section\">\n\t\t\t\t\t\t<div class=\"elementor-container elementor-column-gap-no\">\n\t\t\t\t\t<div class=\"elementor-column elementor-col-100 elementor-top-column elementor-element elementor-element-433a4ac\" data-id=\"433a4ac\" data-element_type=\"column\">\n\t\t\t<div class=\"elementor-widget-wrap elementor-element-populated\">\n\t\t\t\t\t\t<section class=\"elementor-section elementor-inner-section elementor-element elementor-element-5e2e63f elementor-section-boxed elementor-section-height-default elementor-section-height-default\" data-id=\"5e2e63f\" data-element_type=\"section\">\n\t\t\t\t\t\t<div class=\"elementor-container elementor-column-gap-no\">\n\t\t\t\t\t<div class=\"elementor-column elementor-col-50 elementor-inner-column elementor-element elementor-element-fdaef9e page-single service-single\" data-id=\"fdaef9e\" data-element_type=\"column\">\n\t\t\t<div class=\"elementor-widget-wrap elementor-element-populated\">\n\t\t\t\t\t\t<div class=\"elementor-element elementor-element-988cdbc elementor-widget elementor-widget-rasmimage\" data-id=\"988cdbc\" data-element_type=\"widget\" data-widget_type=\"rasmimage.default\">\n\t\t\t\t<div class=\"elementor-widget-container\">\n\t\t\t\t\t<div class=\"custom_css_handelar page-img\" data-bg-src=\"https:\/\/kameleonszepseg.hu\/wp-content\/uploads\/2026\/03\/638081679_122156262038653870_7742725497681727312_n.jpg\"><img decoding=\"async\" class=\"\" src=\"https:\/\/kameleonszepseg.hu\/wp-content\/uploads\/2026\/03\/638081679_122156262038653870_7742725497681727312_n.jpg\" alt=\"638081679_122156262038653870_7742725497681727312_n\" ><\/div>\t\t\t\t<\/div>\n\t\t\t\t<\/div>\n\t\t\t\t<div class=\"elementor-element elementor-element-31d9c55 elementor-widget elementor-widget-text-editor\" data-id=\"31d9c55\" data-element_type=\"widget\" data-widget_type=\"text-editor.default\">\n\t\t\t\t<div class=\"elementor-widget-container\">\n\t\t\t\t\t\t\t\t\t<h2><strong>Kov\u00e1cs Veronika \u2013 Manik\u0171r \u00e9s k\u00f6r\u00f6mdiz\u00e1jner<\/strong><\/h2><p class=\"\" data-start=\"90\" data-end=\"135\"><strong data-start=\"90\" data-end=\"133\">Szenved\u00e9lyem a sz\u00e9ps\u00e9g \u00e9s a precizit\u00e1s!<\/strong><\/p><p class=\"p1\">1991-ben sz\u00fclettem, \u00e9s a k\u00f6rm\u00f6z\u00e9s vil\u00e1ga m\u00e1r 16 \u00e9ves koromban beszippantott. Akkor m\u00e9g csak k\u00edv\u00e1ncsis\u00e1gb\u00f3l pr\u00f3b\u00e1lgattam a technik\u00e1kat, de hamar szenved\u00e9lly\u00e9 v\u00e1lt. Az elm\u00falt 6 \u00e9vben hobbik\u00e9nt foglalkoztam vele, f\u0151k\u00e9nt saj\u00e1t magamon fejlesztettem a tud\u00e1somat, mik\u00f6zben folyamatosan k\u00e9peztem magam. Egy \u00e9ve hivatalosan is levizsg\u00e1ztam, \u00e9s az\u00f3ta teljes sz\u00edvvel azon dolgozom, hogy a vend\u00e9geim sz\u00e1m\u00e1ra ne csak egy szolg\u00e1ltat\u00e1st, hanem \u00e9lm\u00e9nyt ny\u00fajtsak.<\/p><p class=\"p1\">Sz\u00e1momra a k\u00f6r\u00f6mdiz\u00e1jn nem csup\u00e1n sz\u00e9ps\u00e9g\u00e1pol\u00e1s, hanem az \u00f6nkifejez\u00e9s egyik legszem\u00e9lyesebb form\u00e1ja. A k\u00fcl\u00f6nb\u00f6z\u0151 st\u00edlusok lehet\u0151v\u00e9 teszik, hogy mindenki megtal\u00e1lja a saj\u00e1t egy\u00e9nis\u00e9g\u00e9hez legink\u00e1bb ill\u0151 megjelen\u00e9st. Crystal Nails k\u00e9pz\u00e9sen v\u00e9geztem, tud\u00e1somat folyamatosan fejlesztem, hogy vend\u00e9geimnek mindig a lehet\u0151 legjobb min\u0151s\u00e9get ny\u00fajthassam.<\/p><p class=\"p1\">\u00c9desanyak\u00e9nt pontosan tudom, mennyire fontos az \u00e9nid\u0151, ez\u00e9rt c\u00e9lom, hogy a n\u00e1lam t\u00f6lt\u00f6tt id\u0151 val\u00f3di felt\u00f6lt\u0151d\u00e9st \u00e9s kikapcsol\u00f3d\u00e1st jelentsen. A k\u00f6r\u00f6m\u00e9p\u00edt\u00e9s sz\u00e1momra szenved\u00e9ly: szeretn\u00e9k olyan vend\u00e9gk\u00f6rt \u00e9p\u00edteni, akikkel \u00f6r\u00f6m egy\u00fctt dolgozni, \u00e9s akiknek a mindennapjaiba egy kis boldogs\u00e1got csemp\u00e9szhetek az alkot\u00e1saimmal.<\/p>\t\t\t\t\t\t\t\t<\/div>\n\t\t\t\t<\/div>\n\t\t\t\t\t<\/div>\n\t\t<\/div>\n\t\t\t\t<div class=\"elementor-column elementor-col-50 elementor-inner-column elementor-element elementor-element-7560e0b sidebar-area service\" data-id=\"7560e0b\" data-element_type=\"column\">\n\t\t\t<div class=\"elementor-widget-wrap elementor-element-populated\">\n\t\t\t\t<div class=\"elementor-element elementor-element-da2431e e-con-full e-flex e-con e-child\" data-id=\"da2431e\" data-element_type=\"container\" data-settings=\"{&quot;background_background&quot;:&quot;classic&quot;}\">\n\t\t\t\t<div class=\"elementor-element elementor-element-784f1c0 elementor-widget elementor-widget-heading\" data-id=\"784f1c0\" data-element_type=\"widget\" data-widget_type=\"heading.default\">\n\t\t\t\t<div class=\"elementor-widget-container\">\n\t\t\t\t\t<h2 class=\"elementor-heading-title elementor-size-default\">El\u00e9rhet\u0151s\u00e9geink<\/h2>\t\t\t\t<\/div>\n\t\t\t\t<\/div>\n\t\t\t\t<div class=\"elementor-element elementor-element-b060162 elementor-widget elementor-widget-text-editor\" data-id=\"b060162\" data-element_type=\"widget\" data-widget_type=\"text-editor.default\">\n\t\t\t\t<div class=\"elementor-widget-container\">\n\t\t\t\t\t\t\t\t\t<p>K\u00e9rd\u00e9sed lenne? Vagy szeretn\u00e9l id\u0151pontot foglalni?<\/p>\t\t\t\t\t\t\t\t<\/div>\n\t\t\t\t<\/div>\n\t\t<div class=\"elementor-element elementor-element-83b1e09 e-con-full e-flex e-con e-child\" data-id=\"83b1e09\" data-element_type=\"container\" data-settings=\"{&quot;background_background&quot;:&quot;classic&quot;}\">\n\t\t\t\t<div class=\"elementor-element elementor-element-d51169c elementor-widget elementor-widget-icon-box\" data-id=\"d51169c\" data-element_type=\"widget\" data-widget_type=\"icon-box.default\">\n\t\t\t\t<div class=\"elementor-widget-container\">\n\t\t\t\t\t\t\t<div class=\"elementor-icon-box-wrapper\">\n\n\t\t\t\n\t\t\t\t\t\t<div class=\"elementor-icon-box-content\">\n\n\t\t\t\t\t\t\t\t\t<h3 class=\"elementor-icon-box-title\">\n\t\t\t\t\t\t<span  >\n\t\t\t\t\t\t\tC\u00edm\u00fcnk\t\t\t\t\t\t<\/span>\n\t\t\t\t\t<\/h3>\n\t\t\t\t\n\t\t\t\t\t\t\t\t\t<p class=\"elementor-icon-box-description\">\n\t\t\t\t\t\t2132 G\u00f6d, Kisfaludy u. 3.\t\t\t\t\t<\/p>\n\t\t\t\t\n\t\t\t<\/div>\n\t\t\t\n\t\t<\/div>\n\t\t\t\t\t\t<\/div>\n\t\t\t\t<\/div>\n\t\t\t\t<\/div>\n\t\t<div class=\"elementor-element elementor-element-3b1088d e-con-full e-flex e-con e-child\" data-id=\"3b1088d\" data-element_type=\"container\" data-settings=\"{&quot;background_background&quot;:&quot;classic&quot;}\">\n\t\t\t\t<div class=\"elementor-element elementor-element-5b326d6 elementor-widget elementor-widget-icon-box\" data-id=\"5b326d6\" data-element_type=\"widget\" data-widget_type=\"icon-box.default\">\n\t\t\t\t<div class=\"elementor-widget-container\">\n\t\t\t\t\t\t\t<div class=\"elementor-icon-box-wrapper\">\n\n\t\t\t\n\t\t\t\t\t\t<div class=\"elementor-icon-box-content\">\n\n\t\t\t\t\t\t\t\t\t<h3 class=\"elementor-icon-box-title\">\n\t\t\t\t\t\t<span  >\n\t\t\t\t\t\t\tNyitvatart\u00e1s:\t\t\t\t\t\t<\/span>\n\t\t\t\t\t<\/h3>\n\t\t\t\t\n\t\t\t\t\t\t\t\t\t<p class=\"elementor-icon-box-description\">\n\t\t\t\t\t\tH\u00e9tf\u0151t\u0151l-p\u00e9ntekig: <br>\n8:00-19:00 \u00f3r\u00e1ig <br>\n\t\t\t\t\t<\/p>\n\t\t\t\t\n\t\t\t<\/div>\n\t\t\t\n\t\t<\/div>\n\t\t\t\t\t\t<\/div>\n\t\t\t\t<\/div>\n\t\t\t\t<\/div>\n\t\t<div class=\"elementor-element elementor-element-72c8642 e-con-full e-flex e-con e-child\" data-id=\"72c8642\" data-element_type=\"container\" data-settings=\"{&quot;background_background&quot;:&quot;classic&quot;}\">\n\t\t\t\t<div class=\"elementor-element elementor-element-0d95b04 elementor-widget elementor-widget-icon-box\" data-id=\"0d95b04\" data-element_type=\"widget\" data-widget_type=\"icon-box.default\">\n\t\t\t\t<div class=\"elementor-widget-container\">\n\t\t\t\t\t\t\t<div class=\"elementor-icon-box-wrapper\">\n\n\t\t\t\n\t\t\t\t\t\t<div class=\"elementor-icon-box-content\">\n\n\t\t\t\t\t\t\t\t\t<h3 class=\"elementor-icon-box-title\">\n\t\t\t\t\t\t<span  >\n\t\t\t\t\t\t\tKozmetikus:\t\t\t\t\t\t<\/span>\n\t\t\t\t\t<\/h3>\n\t\t\t\t\n\t\t\t\t\t\t\t\t\t<p class=\"elementor-icon-box-description\">\n\t\t\t\t\t\t+36 20 95 53 401 - Kindling T\u00edmea \n\t\t\t\t\t<\/p>\n\t\t\t\t\n\t\t\t<\/div>\n\t\t\t\n\t\t<\/div>\n\t\t\t\t\t\t<\/div>\n\t\t\t\t<\/div>\n\t\t\t\t<\/div>\n\t\t<div class=\"elementor-element elementor-element-b219319 e-con-full e-flex e-con e-child\" data-id=\"b219319\" data-element_type=\"container\" data-settings=\"{&quot;background_background&quot;:&quot;classic&quot;}\">\n\t\t\t\t<div class=\"elementor-element elementor-element-73ed419 elementor-widget elementor-widget-icon-box\" data-id=\"73ed419\" data-element_type=\"widget\" data-widget_type=\"icon-box.default\">\n\t\t\t\t<div class=\"elementor-widget-container\">\n\t\t\t\t\t\t\t<div class=\"elementor-icon-box-wrapper\">\n\n\t\t\t\n\t\t\t\t\t\t<div class=\"elementor-icon-box-content\">\n\n\t\t\t\t\t\t\t\t\t<h3 class=\"elementor-icon-box-title\">\n\t\t\t\t\t\t<span  >\n\t\t\t\t\t\t\tFodr\u00e1szaink:\t\t\t\t\t\t<\/span>\n\t\t\t\t\t<\/h3>\n\t\t\t\t\n\t\t\t\t\t\t\t\t\t<p class=\"elementor-icon-box-description\">\n\t\t\t\t\t\t+36 20 38 73 019 - Kujbus \u00c9va <br>\n+36 20 37 85 834 - Ra\u00e1b G\u00e1bor <br>\n+36 20 28 77 571 - Juh\u00e1sz Judit\t\t\t\t\t<\/p>\n\t\t\t\t\n\t\t\t<\/div>\n\t\t\t\n\t\t<\/div>\n\t\t\t\t\t\t<\/div>\n\t\t\t\t<\/div>\n\t\t\t\t<\/div>\n\t\t<div class=\"elementor-element elementor-element-c026040 e-con-full e-flex e-con e-child\" data-id=\"c026040\" data-element_type=\"container\" data-settings=\"{&quot;background_background&quot;:&quot;classic&quot;}\">\n\t\t\t\t<div class=\"elementor-element elementor-element-ab27843 elementor-widget elementor-widget-icon-box\" data-id=\"ab27843\" data-element_type=\"widget\" data-widget_type=\"icon-box.default\">\n\t\t\t\t<div class=\"elementor-widget-container\">\n\t\t\t\t\t\t\t<div class=\"elementor-icon-box-wrapper\">\n\n\t\t\t\n\t\t\t\t\t\t<div class=\"elementor-icon-box-content\">\n\n\t\t\t\t\t\t\t\t\t<h3 class=\"elementor-icon-box-title\">\n\t\t\t\t\t\t<span  >\n\t\t\t\t\t\t\tMassz\u00e1zs:\t\t\t\t\t\t<\/span>\n\t\t\t\t\t<\/h3>\n\t\t\t\t\n\t\t\t\t\t\t\t\t\t<p class=\"elementor-icon-box-description\">\n\t\t\t\t\t\t+36 30 43 09 010 - Nagy Rita\t\t\t\t\t<\/p>\n\t\t\t\t\n\t\t\t<\/div>\n\t\t\t\n\t\t<\/div>\n\t\t\t\t\t\t<\/div>\n\t\t\t\t<\/div>\n\t\t\t\t<\/div>\n\t\t<div class=\"elementor-element elementor-element-a5ffaf9 e-con-full e-flex e-con e-child\" data-id=\"a5ffaf9\" data-element_type=\"container\" data-settings=\"{&quot;background_background&quot;:&quot;classic&quot;}\">\n\t\t\t\t<div class=\"elementor-element elementor-element-9767213 elementor-widget elementor-widget-icon-box\" data-id=\"9767213\" data-element_type=\"widget\" data-widget_type=\"icon-box.default\">\n\t\t\t\t<div class=\"elementor-widget-container\">\n\t\t\t\t\t\t\t<div class=\"elementor-icon-box-wrapper\">\n\n\t\t\t\n\t\t\t\t\t\t<div class=\"elementor-icon-box-content\">\n\n\t\t\t\t\t\t\t\t\t<h3 class=\"elementor-icon-box-title\">\n\t\t\t\t\t\t<span  >\n\t\t\t\t\t\t\tManik\u0171r \u00e9s k\u00f6r\u00f6mdiz\u00e1jner:\t\t\t\t\t\t<\/span>\n\t\t\t\t\t<\/h3>\n\t\t\t\t\n\t\t\t\t\t\t\t\t\t<p class=\"elementor-icon-box-description\">\n\t\t\t\t\t\t+36 70 9499 953 - Kov\u00e1cs Veronika\t\t\t\t\t<\/p>\n\t\t\t\t\n\t\t\t<\/div>\n\t\t\t\n\t\t<\/div>\n\t\t\t\t\t\t<\/div>\n\t\t\t\t<\/div>\n\t\t\t\t<\/div>\n\t\t\t\t<\/div>\n\t\t\t\t\t<\/div>\n\t\t<\/div>\n\t\t\t\t\t<\/div>\n\t\t<\/section>\n\t\t\t\t\t<\/div>\n\t\t<\/div>\n\t\t\t\t\t<\/div>\n\t\t<\/section>\n\t\t\t\t<\/div>\n\t\t","protected":false},"excerpt":{"rendered":"<p>Kov\u00e1cs Veronika \u2013 Manik\u0171r \u00e9s k\u00f6r\u00f6mdiz\u00e1jner Szenved\u00e9lyem a sz\u00e9ps\u00e9g \u00e9s a precizit\u00e1s! 1991-ben sz\u00fclettem, \u00e9s a k\u00f6rm\u00f6z\u00e9s vil\u00e1ga m\u00e1r 16 \u00e9ves koromban beszippantott. Akkor m\u00e9g csak k\u00edv\u00e1ncsis\u00e1gb\u00f3l pr\u00f3b\u00e1lgattam a technik\u00e1kat, de hamar szenved\u00e9lly\u00e9 v\u00e1lt. Az elm\u00falt 6 \u00e9vben hobbik\u00e9nt foglalkoztam vele, f\u0151k\u00e9nt saj\u00e1t magamon fejlesztettem a tud\u00e1somat, mik\u00f6zben folyamatosan k\u00e9peztem magam. Egy \u00e9ve hivatalosan is&#8230;<\/p>\n","protected":false},"author":1,"featured_media":0,"parent":0,"menu_order":0,"comment_status":"closed","ping_status":"closed","template":"template-builder.php","meta":{"inline_featured_image":false,"footnotes":""},"class_list":["post-4018","page","type-page","status-publish","hentry"],"_links":{"self":[{"href":"https:\/\/kameleonszepseg.hu\/index.php\/wp-json\/wp\/v2\/pages\/4018","targetHints":{"allow":["GET"]}}],"collection":[{"href":"https:\/\/kameleonszepseg.hu\/index.php\/wp-json\/wp\/v2\/pages"}],"about":[{"href":"https:\/\/kameleonszepseg.hu\/index.php\/wp-json\/wp\/v2\/types\/page"}],"author":[{"embeddable":true,"href":"https:\/\/kameleonszepseg.hu\/index.php\/wp-json\/wp\/v2\/users\/1"}],"replies":[{"embeddable":true,"href":"https:\/\/kameleonszepseg.hu\/index.php\/wp-json\/wp\/v2\/comments?post=4018"}],"version-history":[{"count":7,"href":"https:\/\/kameleonszepseg.hu\/index.php\/wp-json\/wp\/v2\/pages\/4018\/revisions"}],"predecessor-version":[{"id":4860,"href":"https:\/\/kameleonszepseg.hu\/index.php\/wp-json\/wp\/v2\/pages\/4018\/revisions\/4860"}],"wp:attachment":[{"href":"https:\/\/kameleonszepseg.hu\/index.php\/wp-json\/wp\/v2\/media?parent=4018"}],"curies":[{"name":"wp","href":"https:\/\/api.w.org\/{rel}","templated":true}]}}