{"id":4026,"date":"2025-04-03T10:14:59","date_gmt":"2025-04-03T10:14:59","guid":{"rendered":"https:\/\/kameleonszepseg.hu\/?page_id=4026"},"modified":"2025-04-17T09:35:49","modified_gmt":"2025-04-17T09:35:49","slug":"nagy-rita-okleveles-svedmasszor","status":"publish","type":"page","link":"https:\/\/kameleonszepseg.hu\/index.php\/nagy-rita-okleveles-svedmasszor\/","title":{"rendered":"Nagy Rita\u00a0&#8211; Okleveles Sv\u00e9dmassz\u0151r"},"content":{"rendered":"\t\t<div data-elementor-type=\"wp-page\" data-elementor-id=\"4026\" class=\"elementor elementor-4026\">\n\t\t\t\t\t\t<section class=\"elementor-section elementor-top-section elementor-element elementor-element-03cac8c elementor-section-full_width elementor-section-height-default elementor-section-height-default\" data-id=\"03cac8c\" data-element_type=\"section\">\n\t\t\t\t\t\t<div class=\"elementor-container elementor-column-gap-no\">\n\t\t\t\t\t<div class=\"elementor-column elementor-col-100 elementor-top-column elementor-element elementor-element-433a4ac\" data-id=\"433a4ac\" data-element_type=\"column\">\n\t\t\t<div class=\"elementor-widget-wrap elementor-element-populated\">\n\t\t\t\t\t\t<section class=\"elementor-section elementor-inner-section elementor-element elementor-element-5e2e63f elementor-section-boxed elementor-section-height-default elementor-section-height-default\" data-id=\"5e2e63f\" data-element_type=\"section\">\n\t\t\t\t\t\t<div class=\"elementor-container elementor-column-gap-no\">\n\t\t\t\t\t<div class=\"elementor-column elementor-col-50 elementor-inner-column elementor-element elementor-element-fdaef9e page-single service-single\" data-id=\"fdaef9e\" data-element_type=\"column\">\n\t\t\t<div class=\"elementor-widget-wrap elementor-element-populated\">\n\t\t\t\t\t\t<div class=\"elementor-element elementor-element-988cdbc elementor-widget elementor-widget-rasmimage\" data-id=\"988cdbc\" data-element_type=\"widget\" data-widget_type=\"rasmimage.default\">\n\t\t\t\t<div class=\"elementor-widget-container\">\n\t\t\t\t\t<div class=\"custom_css_handelar page-img\" data-bg-src=\"https:\/\/kameleonszepseg.hu\/wp-content\/uploads\/2025\/04\/kameleonheader6.jpg\"><img decoding=\"async\" class=\"\" src=\"https:\/\/kameleonszepseg.hu\/wp-content\/uploads\/2025\/04\/kameleonheader6.jpg\" alt=\"kameleonheader6\" ><\/div>\t\t\t\t<\/div>\n\t\t\t\t<\/div>\n\t\t\t\t<div class=\"elementor-element elementor-element-31d9c55 elementor-widget elementor-widget-text-editor\" data-id=\"31d9c55\" data-element_type=\"widget\" data-widget_type=\"text-editor.default\">\n\t\t\t\t<div class=\"elementor-widget-container\">\n\t\t\t\t\t\t\t\t\t<h2><strong>Nagy Rita \u2013 Okleveles Sv\u00e9dmassz\u0151r<\/strong><\/h2><p class=\"\" data-start=\"0\" data-end=\"65\"><strong data-start=\"0\" data-end=\"63\">A massz\u00e1zs nemcsak kikapcsol\u00f3d\u00e1s, hanem gy\u00f3gy\u00edt\u00f3 \u00e9lm\u00e9ny is!<\/strong><\/p><p class=\"\" data-start=\"67\" data-end=\"302\">Kisebb-nagyobb megszak\u00edt\u00e1sokkal imm\u00e1r <strong data-start=\"105\" data-end=\"139\">25 \u00e9ve foglalkozom massz\u00e1zzsal<\/strong>, \u00e9s hiszem \u2013 s\u0151t, tudom \u2013, hogy az emberi \u00e9rint\u00e9snek gy\u00f3gy\u00edt\u00f3 ereje van. Egy j\u00f3l v\u00e9gzett massz\u00e1zs nemcsak a testet friss\u00edti fel, hanem a lelket is megnyugtatja.<\/p><p class=\"\" data-start=\"304\" data-end=\"481\">M\u00e1r gyermekkoromban megtapasztaltam ezt az \u00e9rz\u00e9st, hiszen a csal\u00e1domban term\u00e9szetes volt, hogy massz\u00edroztuk egym\u00e1st. Innen ered a hivat\u00e1som \u00e9s a szenved\u00e9lyem a massz\u00e1zs ir\u00e1nt.<\/p><p class=\"\" data-start=\"483\" data-end=\"596\"><strong data-start=\"483\" data-end=\"596\" data-is-last-node=\"\">Ha fontos sz\u00e1modra az eg\u00e9szs\u00e9ged, szeretn\u00e9l felfriss\u00fclni vagy egy kis relax\u00e1ci\u00f3ra v\u00e1gysz, szeretettel v\u00e1rlak!<\/strong><\/p>\t\t\t\t\t\t\t\t<\/div>\n\t\t\t\t<\/div>\n\t\t\t\t\t<\/div>\n\t\t<\/div>\n\t\t\t\t<div class=\"elementor-column elementor-col-50 elementor-inner-column elementor-element elementor-element-7560e0b sidebar-area service\" data-id=\"7560e0b\" data-element_type=\"column\">\n\t\t\t<div class=\"elementor-widget-wrap elementor-element-populated\">\n\t\t\t\t<div class=\"elementor-element elementor-element-d122ca1 e-con-full e-flex e-con e-child\" data-id=\"d122ca1\" data-element_type=\"container\" data-settings=\"{&quot;background_background&quot;:&quot;classic&quot;}\">\n\t\t\t\t<div class=\"elementor-element elementor-element-16b3079 elementor-widget elementor-widget-heading\" data-id=\"16b3079\" data-element_type=\"widget\" data-widget_type=\"heading.default\">\n\t\t\t\t<div class=\"elementor-widget-container\">\n\t\t\t\t\t<h2 class=\"elementor-heading-title elementor-size-default\">El\u00e9rhet\u0151s\u00e9geink<\/h2>\t\t\t\t<\/div>\n\t\t\t\t<\/div>\n\t\t\t\t<div class=\"elementor-element elementor-element-bd6f90f elementor-widget elementor-widget-text-editor\" data-id=\"bd6f90f\" data-element_type=\"widget\" data-widget_type=\"text-editor.default\">\n\t\t\t\t<div class=\"elementor-widget-container\">\n\t\t\t\t\t\t\t\t\t<p>K\u00e9rd\u00e9sed lenne? Vagy szeretn\u00e9l id\u0151pontot foglalni?<\/p>\t\t\t\t\t\t\t\t<\/div>\n\t\t\t\t<\/div>\n\t\t<div class=\"elementor-element elementor-element-3a97d52 e-con-full e-flex e-con e-child\" data-id=\"3a97d52\" data-element_type=\"container\" data-settings=\"{&quot;background_background&quot;:&quot;classic&quot;}\">\n\t\t\t\t<div class=\"elementor-element elementor-element-e6049cc elementor-widget elementor-widget-icon-box\" data-id=\"e6049cc\" data-element_type=\"widget\" data-widget_type=\"icon-box.default\">\n\t\t\t\t<div class=\"elementor-widget-container\">\n\t\t\t\t\t\t\t<div class=\"elementor-icon-box-wrapper\">\n\n\t\t\t\n\t\t\t\t\t\t<div class=\"elementor-icon-box-content\">\n\n\t\t\t\t\t\t\t\t\t<h3 class=\"elementor-icon-box-title\">\n\t\t\t\t\t\t<span  >\n\t\t\t\t\t\t\tC\u00edm\u00fcnk\t\t\t\t\t\t<\/span>\n\t\t\t\t\t<\/h3>\n\t\t\t\t\n\t\t\t\t\t\t\t\t\t<p class=\"elementor-icon-box-description\">\n\t\t\t\t\t\t2132 G\u00f6d, Kisfaludy u. 3.\t\t\t\t\t<\/p>\n\t\t\t\t\n\t\t\t<\/div>\n\t\t\t\n\t\t<\/div>\n\t\t\t\t\t\t<\/div>\n\t\t\t\t<\/div>\n\t\t\t\t<\/div>\n\t\t<div class=\"elementor-element elementor-element-42e55d3 e-con-full e-flex e-con e-child\" data-id=\"42e55d3\" data-element_type=\"container\" data-settings=\"{&quot;background_background&quot;:&quot;classic&quot;}\">\n\t\t\t\t<div class=\"elementor-element elementor-element-71e4bfa elementor-widget elementor-widget-icon-box\" data-id=\"71e4bfa\" data-element_type=\"widget\" data-widget_type=\"icon-box.default\">\n\t\t\t\t<div class=\"elementor-widget-container\">\n\t\t\t\t\t\t\t<div class=\"elementor-icon-box-wrapper\">\n\n\t\t\t\n\t\t\t\t\t\t<div class=\"elementor-icon-box-content\">\n\n\t\t\t\t\t\t\t\t\t<h3 class=\"elementor-icon-box-title\">\n\t\t\t\t\t\t<span  >\n\t\t\t\t\t\t\tNyitvatart\u00e1s:\t\t\t\t\t\t<\/span>\n\t\t\t\t\t<\/h3>\n\t\t\t\t\n\t\t\t\t\t\t\t\t\t<p class=\"elementor-icon-box-description\">\n\t\t\t\t\t\tH\u00e9tf\u0151t\u0151l-p\u00e9ntekig: <br>\n8:00-19:00 \u00f3r\u00e1ig <br>\n\t\t\t\t\t<\/p>\n\t\t\t\t\n\t\t\t<\/div>\n\t\t\t\n\t\t<\/div>\n\t\t\t\t\t\t<\/div>\n\t\t\t\t<\/div>\n\t\t\t\t<\/div>\n\t\t<div class=\"elementor-element elementor-element-4cafb8f e-con-full e-flex e-con e-child\" data-id=\"4cafb8f\" data-element_type=\"container\" data-settings=\"{&quot;background_background&quot;:&quot;classic&quot;}\">\n\t\t\t\t<div class=\"elementor-element elementor-element-dd56f9c elementor-widget elementor-widget-icon-box\" data-id=\"dd56f9c\" data-element_type=\"widget\" data-widget_type=\"icon-box.default\">\n\t\t\t\t<div class=\"elementor-widget-container\">\n\t\t\t\t\t\t\t<div class=\"elementor-icon-box-wrapper\">\n\n\t\t\t\n\t\t\t\t\t\t<div class=\"elementor-icon-box-content\">\n\n\t\t\t\t\t\t\t\t\t<h3 class=\"elementor-icon-box-title\">\n\t\t\t\t\t\t<span  >\n\t\t\t\t\t\t\tKozmetikus:\t\t\t\t\t\t<\/span>\n\t\t\t\t\t<\/h3>\n\t\t\t\t\n\t\t\t\t\t\t\t\t\t<p class=\"elementor-icon-box-description\">\n\t\t\t\t\t\t+36 20 95 53 401 - Kindling T\u00edmea \n\t\t\t\t\t<\/p>\n\t\t\t\t\n\t\t\t<\/div>\n\t\t\t\n\t\t<\/div>\n\t\t\t\t\t\t<\/div>\n\t\t\t\t<\/div>\n\t\t\t\t<\/div>\n\t\t<div class=\"elementor-element elementor-element-8a1b883 e-con-full e-flex e-con e-child\" data-id=\"8a1b883\" data-element_type=\"container\" data-settings=\"{&quot;background_background&quot;:&quot;classic&quot;}\">\n\t\t\t\t<div class=\"elementor-element elementor-element-6724166 elementor-widget elementor-widget-icon-box\" data-id=\"6724166\" data-element_type=\"widget\" data-widget_type=\"icon-box.default\">\n\t\t\t\t<div class=\"elementor-widget-container\">\n\t\t\t\t\t\t\t<div class=\"elementor-icon-box-wrapper\">\n\n\t\t\t\n\t\t\t\t\t\t<div class=\"elementor-icon-box-content\">\n\n\t\t\t\t\t\t\t\t\t<h3 class=\"elementor-icon-box-title\">\n\t\t\t\t\t\t<span  >\n\t\t\t\t\t\t\tFodr\u00e1szaink:\t\t\t\t\t\t<\/span>\n\t\t\t\t\t<\/h3>\n\t\t\t\t\n\t\t\t\t\t\t\t\t\t<p class=\"elementor-icon-box-description\">\n\t\t\t\t\t\t+36 20 38 73 019 - Kujbus \u00c9va <br>\n+36 20 37 85 834 - Ra\u00e1b G\u00e1bor <br>\n+36 20 28 77 571 - Juh\u00e1sz Judit\t\t\t\t\t<\/p>\n\t\t\t\t\n\t\t\t<\/div>\n\t\t\t\n\t\t<\/div>\n\t\t\t\t\t\t<\/div>\n\t\t\t\t<\/div>\n\t\t\t\t<\/div>\n\t\t<div class=\"elementor-element elementor-element-2ec3138 e-con-full e-flex e-con e-child\" data-id=\"2ec3138\" data-element_type=\"container\" data-settings=\"{&quot;background_background&quot;:&quot;classic&quot;}\">\n\t\t\t\t<div class=\"elementor-element elementor-element-bd93f3e elementor-widget elementor-widget-icon-box\" data-id=\"bd93f3e\" data-element_type=\"widget\" data-widget_type=\"icon-box.default\">\n\t\t\t\t<div class=\"elementor-widget-container\">\n\t\t\t\t\t\t\t<div class=\"elementor-icon-box-wrapper\">\n\n\t\t\t\n\t\t\t\t\t\t<div class=\"elementor-icon-box-content\">\n\n\t\t\t\t\t\t\t\t\t<h3 class=\"elementor-icon-box-title\">\n\t\t\t\t\t\t<span  >\n\t\t\t\t\t\t\tMassz\u00e1zs:\t\t\t\t\t\t<\/span>\n\t\t\t\t\t<\/h3>\n\t\t\t\t\n\t\t\t\t\t\t\t\t\t<p class=\"elementor-icon-box-description\">\n\t\t\t\t\t\t+36 30 43 09 010 - Nagy Rita\t\t\t\t\t<\/p>\n\t\t\t\t\n\t\t\t<\/div>\n\t\t\t\n\t\t<\/div>\n\t\t\t\t\t\t<\/div>\n\t\t\t\t<\/div>\n\t\t\t\t<\/div>\n\t\t<div class=\"elementor-element elementor-element-8d5d843 e-con-full e-flex e-con e-child\" data-id=\"8d5d843\" data-element_type=\"container\" data-settings=\"{&quot;background_background&quot;:&quot;classic&quot;}\">\n\t\t\t\t<div class=\"elementor-element elementor-element-38c0c41 elementor-widget elementor-widget-icon-box\" data-id=\"38c0c41\" data-element_type=\"widget\" data-widget_type=\"icon-box.default\">\n\t\t\t\t<div class=\"elementor-widget-container\">\n\t\t\t\t\t\t\t<div class=\"elementor-icon-box-wrapper\">\n\n\t\t\t\n\t\t\t\t\t\t<div class=\"elementor-icon-box-content\">\n\n\t\t\t\t\t\t\t\t\t<h3 class=\"elementor-icon-box-title\">\n\t\t\t\t\t\t<span  >\n\t\t\t\t\t\t\tK\u00e9z\u00e1pol\u00f3 \u00e9s m\u0171k\u00f6r\u00f6m\u00e9p\u00edt\u0151:\t\t\t\t\t\t<\/span>\n\t\t\t\t\t<\/h3>\n\t\t\t\t\n\t\t\t\t\t\t\t\t\t<p class=\"elementor-icon-box-description\">\n\t\t\t\t\t\t+36 20 54 62 313 - Csondor Evelin \t\t\t\t\t<\/p>\n\t\t\t\t\n\t\t\t<\/div>\n\t\t\t\n\t\t<\/div>\n\t\t\t\t\t\t<\/div>\n\t\t\t\t<\/div>\n\t\t\t\t<\/div>\n\t\t\t\t<\/div>\n\t\t\t\t\t<\/div>\n\t\t<\/div>\n\t\t\t\t\t<\/div>\n\t\t<\/section>\n\t\t\t\t\t<\/div>\n\t\t<\/div>\n\t\t\t\t\t<\/div>\n\t\t<\/section>\n\t\t\t\t<\/div>\n\t\t","protected":false},"excerpt":{"rendered":"<p>Nagy Rita \u2013 Okleveles Sv\u00e9dmassz\u0151r A massz\u00e1zs nemcsak kikapcsol\u00f3d\u00e1s, hanem gy\u00f3gy\u00edt\u00f3 \u00e9lm\u00e9ny is! Kisebb-nagyobb megszak\u00edt\u00e1sokkal imm\u00e1r 25 \u00e9ve foglalkozom massz\u00e1zzsal, \u00e9s hiszem \u2013 s\u0151t, tudom \u2013, hogy az emberi \u00e9rint\u00e9snek gy\u00f3gy\u00edt\u00f3 ereje van. Egy j\u00f3l v\u00e9gzett massz\u00e1zs nemcsak a testet friss\u00edti fel, hanem a lelket is megnyugtatja. M\u00e1r gyermekkoromban megtapasztaltam ezt az \u00e9rz\u00e9st, hiszen a&#8230;<\/p>\n","protected":false},"author":1,"featured_media":0,"parent":0,"menu_order":0,"comment_status":"closed","ping_status":"closed","template":"template-builder.php","meta":{"inline_featured_image":false,"footnotes":""},"class_list":["post-4026","page","type-page","status-publish","hentry"],"_links":{"self":[{"href":"https:\/\/kameleonszepseg.hu\/index.php\/wp-json\/wp\/v2\/pages\/4026","targetHints":{"allow":["GET"]}}],"collection":[{"href":"https:\/\/kameleonszepseg.hu\/index.php\/wp-json\/wp\/v2\/pages"}],"about":[{"href":"https:\/\/kameleonszepseg.hu\/index.php\/wp-json\/wp\/v2\/types\/page"}],"author":[{"embeddable":true,"href":"https:\/\/kameleonszepseg.hu\/index.php\/wp-json\/wp\/v2\/users\/1"}],"replies":[{"embeddable":true,"href":"https:\/\/kameleonszepseg.hu\/index.php\/wp-json\/wp\/v2\/comments?post=4026"}],"version-history":[{"count":0,"href":"https:\/\/kameleonszepseg.hu\/index.php\/wp-json\/wp\/v2\/pages\/4026\/revisions"}],"wp:attachment":[{"href":"https:\/\/kameleonszepseg.hu\/index.php\/wp-json\/wp\/v2\/media?parent=4026"}],"curies":[{"name":"wp","href":"https:\/\/api.w.org\/{rel}","templated":true}]}}