{"id":4206,"date":"2025-04-09T09:52:50","date_gmt":"2025-04-09T09:52:50","guid":{"rendered":"https:\/\/kameleonszepseg.hu\/?page_id=4206"},"modified":"2025-04-09T10:23:19","modified_gmt":"2025-04-09T10:23:19","slug":"masszazs-arak","status":"publish","type":"page","link":"https:\/\/kameleonszepseg.hu\/index.php\/masszazs-arak\/","title":{"rendered":"Massz\u00e1zs \u00e1rak"},"content":{"rendered":"\t\t<div data-elementor-type=\"wp-page\" data-elementor-id=\"4206\" class=\"elementor elementor-4206\">\n\t\t\t\t\t\t<section class=\"elementor-section elementor-top-section elementor-element elementor-element-689dc62 elementor-section-full_width elementor-section-height-default elementor-section-height-default\" data-id=\"689dc62\" data-element_type=\"section\">\n\t\t\t\t\t\t<div class=\"elementor-container elementor-column-gap-no\">\n\t\t\t\t\t<div class=\"elementor-column elementor-col-100 elementor-top-column elementor-element elementor-element-90a7698\" data-id=\"90a7698\" data-element_type=\"column\">\n\t\t\t<div class=\"elementor-widget-wrap elementor-element-populated\">\n\t\t\t\t\t\t<section class=\"elementor-section elementor-inner-section elementor-element elementor-element-d9bcc04 elementor-section-full_width elementor-section-height-default elementor-section-height-default\" data-id=\"d9bcc04\" data-element_type=\"section\">\n\t\t\t\t\t\t<div class=\"elementor-container elementor-column-gap-no\">\n\t\t\t\t\t<div class=\"elementor-column elementor-col-100 elementor-inner-column elementor-element elementor-element-82a1ef9\" data-id=\"82a1ef9\" data-element_type=\"column\">\n\t\t\t<div class=\"elementor-widget-wrap elementor-element-populated\">\n\t\t\t\t\t\t<div class=\"elementor-element elementor-element-4b71d02 elementor-widget elementor-widget-rasmsectiontitle\" data-id=\"4b71d02\" data-element_type=\"widget\" data-widget_type=\"rasmsectiontitle.default\">\n\t\t\t\t<div class=\"elementor-widget-container\">\n\t\t\t\t\t<div class=\"title-area\" ><span class=\"sub-title subtitle-selector\">Massz\u00e1zs \u00e1rlista<\/span><img decoding=\"async\" src=\"https:\/\/themeholy.com\/wordpress\/rasm\/wp-content\/uploads\/2023\/07\/title_shape_1.svg\" alt=\"title_shape_1\"  class=\"icon\" \/><h2 class=\"sec-title title-selector\">MASSZ\u00c1ZS<\/h2><\/div>\t\t\t\t<\/div>\n\t\t\t\t<\/div>\n\t\t\t\t\t<\/div>\n\t\t<\/div>\n\t\t\t\t\t<\/div>\n\t\t<\/section>\n\t\t\t\t<div class=\"elementor-element elementor-element-04a1bf5 elementor-widget elementor-widget-rasmpricingtab\" data-id=\"04a1bf5\" data-element_type=\"widget\" data-widget_type=\"rasmpricingtab.default\">\n\t\t\t\t<div class=\"elementor-widget-container\">\n\t\t\t\t\t<div class=\"nav nav-tabs pricing-tabs\" id=\"nav-tab\" role=\"tablist\"><button class=\"nav-link price-list active\" id=\"nav-step1-tab\" data-bs-toggle=\"tab\" data-bs-target=\"#nav-step1\" type=\"button\">30 PERC<\/button><button class=\"nav-link price-list\" id=\"nav-step2-tab\" data-bs-toggle=\"tab\" data-bs-target=\"#nav-step2\" type=\"button\">60 PERC<\/button><button class=\"nav-link price-list\" id=\"nav-step3-tab\" data-bs-toggle=\"tab\" data-bs-target=\"#nav-step3\" type=\"button\">90 PERC<\/button><\/div><div class=\"price-list-area\"><div class=\"tab-content\" id=\"nav-tabContent\"><div class=\"tab-pane fade active show\" id=\"nav-step1\" role=\"tabpanel\"><div class=\"price-box-wrapper style2\"><div class=\"price-box\"><div class=\"price-box_wrapp\"><div class=\"price-box_content\"><h4 class=\"box-title th-title\"><a href=\"#\">PIHENTET\u0150, IZOMLAZ\u00cdT\u00d3 MASSZ\u00c1ZS<\/a><\/h4><p class=\"price-box_desc th-desc\">Stresszold\u00e1s \u00e9s laz\u00edt\u00e1s kombin\u00e1lva<\/p><\/div><span class=\"price-box_price\">6.500<\/span><\/div><\/div><div class=\"price-box\"><div class=\"price-box_wrapp\"><div class=\"price-box_content\"><h4 class=\"box-title th-title\"><a href=\"#\">SV\u00c9DMASSZ\u00c1ZS<\/a><\/h4><p class=\"price-box_desc th-desc\">Izomlaz\u00edt\u00f3, kering\u00e9sfokoz\u00f3 massz\u00e1zs<\/p><\/div><span class=\"price-box_price\">6.500<\/span><\/div><\/div><div class=\"price-box\"><div class=\"price-box_wrapp\"><div class=\"price-box_content\"><h4 class=\"box-title th-title\"><a href=\"#\">FRISS\u00cdT\u0150 TALPMASSZ\u00c1ZS<\/a><\/h4><p class=\"price-box_desc th-desc\">Energetiz\u00e1l\u00f3, stresszold\u00f3 talpkezel\u00e9s<\/p><\/div><span class=\"price-box_price\">7.500<\/span><\/div><\/div><\/div><\/div><div class=\"tab-pane fade\" id=\"nav-step2\" role=\"tabpanel\"><div class=\"price-box-wrapper style2\"><div class=\"price-box\"><div class=\"price-box_wrapp\"><div class=\"price-box_content\"><h4 class=\"box-title th-title\"><a href=\"#\">PIHENTET\u0150, IZOMLAZ\u00cdT\u00d3 MASSZ\u00c1ZS<\/a><\/h4><p class=\"price-box_desc th-desc\">Stresszold\u00e1s \u00e9s laz\u00edt\u00e1s kombin\u00e1lva<\/p><\/div><span class=\"price-box_price\">10.000<\/span><\/div><\/div><div class=\"price-box\"><div class=\"price-box_wrapp\"><div class=\"price-box_content\"><h4 class=\"box-title th-title\"><a href=\"#\">SV\u00c9DMASSZ\u00c1ZS<\/a><\/h4><p class=\"price-box_desc th-desc\">Izomlaz\u00edt\u00f3, kering\u00e9sfokoz\u00f3 massz\u00e1zs<\/p><\/div><span class=\"price-box_price\">10.000<\/span><\/div><\/div><\/div><\/div><div class=\"tab-pane fade\" id=\"nav-step3\" role=\"tabpanel\"><div class=\"price-box-wrapper style2\"><div class=\"price-box\"><div class=\"price-box_wrapp\"><div class=\"price-box_content\"><h4 class=\"box-title th-title\"><a href=\"#\">PIHENTET\u0150, IZOMLAZ\u00cdT\u00d3 MASSZ\u00c1ZS<\/a><\/h4><p class=\"price-box_desc th-desc\">Stresszold\u00e1s \u00e9s laz\u00edt\u00e1s kombin\u00e1lva<\/p><\/div><span class=\"price-box_price\">14.500<\/span><\/div><\/div><div class=\"price-box\"><div class=\"price-box_wrapp\"><div class=\"price-box_content\"><h4 class=\"box-title th-title\"><a href=\"#\">SV\u00c9DMASSZ\u00c1ZS<\/a><\/h4><p class=\"price-box_desc th-desc\">Izomlaz\u00edt\u00f3, kering\u00e9sfokoz\u00f3 massz\u00e1zs<\/p><\/div><span class=\"price-box_price\">14.500<\/span><\/div><\/div><\/div><\/div><\/div><\/div>\t\t\t\t<\/div>\n\t\t\t\t<\/div>\n\t\t\t\t<div class=\"elementor-element elementor-element-058fcb0 elementor-widget elementor-widget-text-editor\" data-id=\"058fcb0\" data-element_type=\"widget\" data-widget_type=\"text-editor.default\">\n\t\t\t\t<div class=\"elementor-widget-container\">\n\t\t\t\t\t\t\t\t\t<p>Bejelentkezni telefonon Nagy Rit\u00e1n\u00e1l tudsz a 06 30 430 9010-es telefonsz\u00e1mon.<\/p><p>\u25cf Id\u0151pontja el\u0151tt 5 perccel hamarabb \u00e9rkezzen meg<\/p><p>\u25cf K\u00e9s\u00e9se eset\u00e9n is az el\u0151re megbesz\u00e9lt id\u0151pontja v\u00e9g\u00e9ig tart a k\u00e9rt szolg\u00e1ltat\u00e1s<\/p><p>\u25cf K\u00e9s\u00e9s eset\u00e9n is a foglalt id\u0151pont teljes \u00e1ra fizetend\u0151<\/p><p>\u25cf Lemond\u00e1s\u00e1t a lefoglalt id\u0151pontja el\u0151tt legal\u00e1bb 24 \u00f3r\u00e1val hamarabb jelezze, amennyiben ez nem t\u00f6rt\u00e9nik meg, vagy nem jelenik meg, az \u00f6sszeg 50%-a k\u00f6vetkez\u0151 alkalommal felsz\u00e1mol\u00e1sra ker\u00fcl.<\/p>\t\t\t\t\t\t\t\t<\/div>\n\t\t\t\t<\/div>\n\t\t\t\t\t<\/div>\n\t\t<\/div>\n\t\t\t\t\t<\/div>\n\t\t<\/section>\n\t\t\t\t<\/div>\n\t\t","protected":false},"excerpt":{"rendered":"<p>Massz\u00e1zs \u00e1rlista MASSZ\u00c1ZS 30 PERC60 PERC90 PERC PIHENTET\u0150, IZOMLAZ\u00cdT\u00d3 MASSZ\u00c1ZS Stresszold\u00e1s \u00e9s laz\u00edt\u00e1s kombin\u00e1lva 6.500 SV\u00c9DMASSZ\u00c1ZS Izomlaz\u00edt\u00f3, kering\u00e9sfokoz\u00f3 massz\u00e1zs 6.500 FRISS\u00cdT\u0150 TALPMASSZ\u00c1ZS Energetiz\u00e1l\u00f3, stresszold\u00f3 talpkezel\u00e9s 7.500 PIHENTET\u0150, IZOMLAZ\u00cdT\u00d3 MASSZ\u00c1ZS Stresszold\u00e1s \u00e9s laz\u00edt\u00e1s kombin\u00e1lva 10.000 SV\u00c9DMASSZ\u00c1ZS Izomlaz\u00edt\u00f3, kering\u00e9sfokoz\u00f3 massz\u00e1zs 10.000 PIHENTET\u0150, IZOMLAZ\u00cdT\u00d3 MASSZ\u00c1ZS Stresszold\u00e1s \u00e9s laz\u00edt\u00e1s kombin\u00e1lva 14.500 SV\u00c9DMASSZ\u00c1ZS Izomlaz\u00edt\u00f3, kering\u00e9sfokoz\u00f3 massz\u00e1zs 14.500 Bejelentkezni telefonon Nagy&#8230;<\/p>\n","protected":false},"author":1,"featured_media":0,"parent":0,"menu_order":0,"comment_status":"closed","ping_status":"closed","template":"","meta":{"inline_featured_image":false,"footnotes":""},"class_list":["post-4206","page","type-page","status-publish","hentry"],"_links":{"self":[{"href":"https:\/\/kameleonszepseg.hu\/index.php\/wp-json\/wp\/v2\/pages\/4206","targetHints":{"allow":["GET"]}}],"collection":[{"href":"https:\/\/kameleonszepseg.hu\/index.php\/wp-json\/wp\/v2\/pages"}],"about":[{"href":"https:\/\/kameleonszepseg.hu\/index.php\/wp-json\/wp\/v2\/types\/page"}],"author":[{"embeddable":true,"href":"https:\/\/kameleonszepseg.hu\/index.php\/wp-json\/wp\/v2\/users\/1"}],"replies":[{"embeddable":true,"href":"https:\/\/kameleonszepseg.hu\/index.php\/wp-json\/wp\/v2\/comments?post=4206"}],"version-history":[{"count":0,"href":"https:\/\/kameleonszepseg.hu\/index.php\/wp-json\/wp\/v2\/pages\/4206\/revisions"}],"wp:attachment":[{"href":"https:\/\/kameleonszepseg.hu\/index.php\/wp-json\/wp\/v2\/media?parent=4206"}],"curies":[{"name":"wp","href":"https:\/\/api.w.org\/{rel}","templated":true}]}}