{"id":4747,"date":"2025-05-09T09:58:59","date_gmt":"2025-05-09T09:58:59","guid":{"rendered":"https:\/\/kameleonszepseg.hu\/?page_id=4747"},"modified":"2025-05-09T10:07:19","modified_gmt":"2025-05-09T10:07:19","slug":"pro-age-color","status":"publish","type":"page","link":"https:\/\/kameleonszepseg.hu\/index.php\/pro-age-color\/","title":{"rendered":"Pro-age Color"},"content":{"rendered":"\t\t<div data-elementor-type=\"wp-page\" data-elementor-id=\"4747\" class=\"elementor elementor-4747\">\n\t\t\t\t\t\t<section class=\"elementor-section elementor-top-section elementor-element elementor-element-03cac8c elementor-section-full_width elementor-section-height-default elementor-section-height-default\" data-id=\"03cac8c\" data-element_type=\"section\">\n\t\t\t\t\t\t<div class=\"elementor-container elementor-column-gap-no\">\n\t\t\t\t\t<div class=\"elementor-column elementor-col-100 elementor-top-column elementor-element elementor-element-433a4ac\" data-id=\"433a4ac\" data-element_type=\"column\">\n\t\t\t<div class=\"elementor-widget-wrap elementor-element-populated\">\n\t\t\t\t\t\t<section class=\"elementor-section elementor-inner-section elementor-element elementor-element-5e2e63f elementor-section-boxed elementor-section-height-default elementor-section-height-default\" data-id=\"5e2e63f\" data-element_type=\"section\">\n\t\t\t\t\t\t<div class=\"elementor-container elementor-column-gap-no\">\n\t\t\t\t\t<div class=\"elementor-column elementor-col-50 elementor-inner-column elementor-element elementor-element-fdaef9e page-single service-single\" data-id=\"fdaef9e\" data-element_type=\"column\">\n\t\t\t<div class=\"elementor-widget-wrap elementor-element-populated\">\n\t\t\t\t\t\t<div class=\"elementor-element elementor-element-31d9c55 elementor-widget elementor-widget-text-editor\" data-id=\"31d9c55\" data-element_type=\"widget\" data-widget_type=\"text-editor.default\">\n\t\t\t\t<div class=\"elementor-widget-container\">\n\t\t\t\t\t\t\t\t\t<div><h3><span style=\"background-color: var(--white-color);\">Pro-age Color<\/span><\/h3><\/div><p class=\"\" data-start=\"0\" data-end=\"70\"><strong data-start=\"0\" data-end=\"68\">Amm\u00f3niamentes, g\u00e9l alap\u00fa hajsz\u00edn-vissza\u00e1ll\u00edt\u00f3 kezel\u00e9s f\u00e9rfiaknak<\/strong><\/p><p class=\"\" data-start=\"72\" data-end=\"401\">Gyors \u00e9s term\u00e9szetes megold\u00e1s azoknak a f\u00e9rfiaknak, akik szeretn\u00e9k elt\u00fcntetni \u0151sz hajsz\u00e1laikat, de nem szeretn\u00e9nek hajfest\u00e9st. A kezel\u00e9s mind\u00f6ssze 5 perc alatt kifejti hat\u00e1s\u00e1t, \u00e9s len\u00f6v\u00e9smentes, term\u00e9szetes megjelen\u00e9st biztos\u00edt. Ide\u00e1lis v\u00e1laszt\u00e1s, ha diszkr\u00e9t, m\u00e9gis hat\u00e9kony megold\u00e1st keresel a fiatalosabb megjelen\u00e9s \u00e9rdek\u00e9ben.<\/p><p data-start=\"72\" data-end=\"401\"><img fetchpriority=\"high\" decoding=\"async\" class=\"alignnone size-medium wp-image-3992\" src=\"https:\/\/kameleonszepseg.hu\/wp-content\/uploads\/2025\/04\/ffi-hajszin-visszallits-ilyen-volt-kiindulsi-szin2-1-186x300.jpg\" alt=\"\" width=\"186\" height=\"300\" srcset=\"https:\/\/kameleonszepseg.hu\/wp-content\/uploads\/2025\/04\/ffi-hajszin-visszallits-ilyen-volt-kiindulsi-szin2-1-186x300.jpg 186w, https:\/\/kameleonszepseg.hu\/wp-content\/uploads\/2025\/04\/ffi-hajszin-visszallits-ilyen-volt-kiindulsi-szin2-1.jpg 297w\" sizes=\"(max-width: 186px) 100vw, 186px\" \/> <img decoding=\"async\" class=\"alignnone size-medium wp-image-3993\" src=\"https:\/\/kameleonszepseg.hu\/wp-content\/uploads\/2025\/04\/ffi_1_kezeles_utan_g-1-213x300.jpg\" alt=\"\" width=\"213\" height=\"300\" srcset=\"https:\/\/kameleonszepseg.hu\/wp-content\/uploads\/2025\/04\/ffi_1_kezeles_utan_g-1-213x300.jpg 213w, https:\/\/kameleonszepseg.hu\/wp-content\/uploads\/2025\/04\/ffi_1_kezeles_utan_g-1.jpg 341w\" sizes=\"(max-width: 213px) 100vw, 213px\" \/> <img decoding=\"async\" class=\"alignnone size-medium wp-image-3994\" src=\"https:\/\/kameleonszepseg.hu\/wp-content\/uploads\/2025\/04\/ffi-hajszin-v.llits-2.-kezels-utn-1-225x300.jpg\" alt=\"\" width=\"225\" height=\"300\" srcset=\"https:\/\/kameleonszepseg.hu\/wp-content\/uploads\/2025\/04\/ffi-hajszin-v.llits-2.-kezels-utn-1-225x300.jpg 225w, https:\/\/kameleonszepseg.hu\/wp-content\/uploads\/2025\/04\/ffi-hajszin-v.llits-2.-kezels-utn-1.jpg 360w\" sizes=\"(max-width: 225px) 100vw, 225px\" \/><\/p><p data-start=\"72\" data-end=\"401\">Amennyiben szeretn\u00e9 ig\u00e9nyelni Pro-age Color szolg\u00e1ltat\u00e1sunkat akkor vegye fel a kapcsolatot<br \/><strong>Juh\u00e1sz Judit \u2013 Fodr\u00e1szmester <\/strong>koll\u00e9g\u00e1nkkal!<\/p>\t\t\t\t\t\t\t\t<\/div>\n\t\t\t\t<\/div>\n\t\t\t\t<div class=\"elementor-element elementor-element-405dbc4 elementor-widget elementor-widget-button\" data-id=\"405dbc4\" data-element_type=\"widget\" data-widget_type=\"button.default\">\n\t\t\t\t<div class=\"elementor-widget-container\">\n\t\t\t\t\t\t\t\t\t<div class=\"elementor-button-wrapper\">\n\t\t\t\t\t<a class=\"elementor-button elementor-button-link elementor-size-sm\" href=\"https:\/\/kameleonszepseg.hu\/index.php\/juhaszjudit-fodraszmester\/\">\n\t\t\t\t\t\t<span class=\"elementor-button-content-wrapper\">\n\t\t\t\t\t\t\t\t\t<span class=\"elementor-button-text\">Tov\u00e1bbi inform\u00e1ci\u00f3<\/span>\n\t\t\t\t\t<\/span>\n\t\t\t\t\t<\/a>\n\t\t\t\t<\/div>\n\t\t\t\t\t\t\t\t<\/div>\n\t\t\t\t<\/div>\n\t\t\t\t\t<\/div>\n\t\t<\/div>\n\t\t\t\t<div class=\"elementor-column elementor-col-50 elementor-inner-column elementor-element elementor-element-7560e0b sidebar-area service\" data-id=\"7560e0b\" data-element_type=\"column\">\n\t\t\t<div class=\"elementor-widget-wrap elementor-element-populated\">\n\t\t\t\t<div class=\"elementor-element elementor-element-65e9513 e-con-full e-flex e-con e-child\" data-id=\"65e9513\" data-element_type=\"container\" data-settings=\"{&quot;background_background&quot;:&quot;classic&quot;}\">\n\t\t\t\t<div class=\"elementor-element elementor-element-fa5fdb7 elementor-widget elementor-widget-heading\" data-id=\"fa5fdb7\" data-element_type=\"widget\" data-widget_type=\"heading.default\">\n\t\t\t\t<div class=\"elementor-widget-container\">\n\t\t\t\t\t<h2 class=\"elementor-heading-title elementor-size-default\">El\u00e9rhet\u0151s\u00e9geink<\/h2>\t\t\t\t<\/div>\n\t\t\t\t<\/div>\n\t\t\t\t<div class=\"elementor-element elementor-element-95ad981 elementor-widget elementor-widget-text-editor\" data-id=\"95ad981\" data-element_type=\"widget\" data-widget_type=\"text-editor.default\">\n\t\t\t\t<div class=\"elementor-widget-container\">\n\t\t\t\t\t\t\t\t\t<p>K\u00e9rd\u00e9sed lenne? Vagy szeretn\u00e9l id\u0151pontot foglalni?<\/p>\t\t\t\t\t\t\t\t<\/div>\n\t\t\t\t<\/div>\n\t\t<div class=\"elementor-element elementor-element-4ab3924 e-con-full e-flex e-con e-child\" data-id=\"4ab3924\" data-element_type=\"container\" data-settings=\"{&quot;background_background&quot;:&quot;classic&quot;}\">\n\t\t\t\t<div class=\"elementor-element elementor-element-db779c0 elementor-widget elementor-widget-icon-box\" data-id=\"db779c0\" data-element_type=\"widget\" data-widget_type=\"icon-box.default\">\n\t\t\t\t<div class=\"elementor-widget-container\">\n\t\t\t\t\t\t\t<div class=\"elementor-icon-box-wrapper\">\n\n\t\t\t\n\t\t\t\t\t\t<div class=\"elementor-icon-box-content\">\n\n\t\t\t\t\t\t\t\t\t<h3 class=\"elementor-icon-box-title\">\n\t\t\t\t\t\t<span  >\n\t\t\t\t\t\t\tC\u00edm\u00fcnk\t\t\t\t\t\t<\/span>\n\t\t\t\t\t<\/h3>\n\t\t\t\t\n\t\t\t\t\t\t\t\t\t<p class=\"elementor-icon-box-description\">\n\t\t\t\t\t\t2132 G\u00f6d, Kisfaludy u. 3.\t\t\t\t\t<\/p>\n\t\t\t\t\n\t\t\t<\/div>\n\t\t\t\n\t\t<\/div>\n\t\t\t\t\t\t<\/div>\n\t\t\t\t<\/div>\n\t\t\t\t<\/div>\n\t\t<div class=\"elementor-element elementor-element-55d1cf8 e-con-full e-flex e-con e-child\" data-id=\"55d1cf8\" data-element_type=\"container\" data-settings=\"{&quot;background_background&quot;:&quot;classic&quot;}\">\n\t\t\t\t<div class=\"elementor-element elementor-element-af076c4 elementor-widget elementor-widget-icon-box\" data-id=\"af076c4\" data-element_type=\"widget\" data-widget_type=\"icon-box.default\">\n\t\t\t\t<div class=\"elementor-widget-container\">\n\t\t\t\t\t\t\t<div class=\"elementor-icon-box-wrapper\">\n\n\t\t\t\n\t\t\t\t\t\t<div class=\"elementor-icon-box-content\">\n\n\t\t\t\t\t\t\t\t\t<h3 class=\"elementor-icon-box-title\">\n\t\t\t\t\t\t<span  >\n\t\t\t\t\t\t\tNyitvatart\u00e1s:\t\t\t\t\t\t<\/span>\n\t\t\t\t\t<\/h3>\n\t\t\t\t\n\t\t\t\t\t\t\t\t\t<p class=\"elementor-icon-box-description\">\n\t\t\t\t\t\tH\u00e9tf\u0151t\u0151l-p\u00e9ntekig: <br>\n8:00-19:00 \u00f3r\u00e1ig <br>\n\t\t\t\t\t<\/p>\n\t\t\t\t\n\t\t\t<\/div>\n\t\t\t\n\t\t<\/div>\n\t\t\t\t\t\t<\/div>\n\t\t\t\t<\/div>\n\t\t\t\t<\/div>\n\t\t<div class=\"elementor-element elementor-element-ce4e206 e-con-full e-flex e-con e-child\" data-id=\"ce4e206\" data-element_type=\"container\" data-settings=\"{&quot;background_background&quot;:&quot;classic&quot;}\">\n\t\t\t\t<div class=\"elementor-element elementor-element-a137118 elementor-widget elementor-widget-icon-box\" data-id=\"a137118\" data-element_type=\"widget\" data-widget_type=\"icon-box.default\">\n\t\t\t\t<div class=\"elementor-widget-container\">\n\t\t\t\t\t\t\t<div class=\"elementor-icon-box-wrapper\">\n\n\t\t\t\n\t\t\t\t\t\t<div class=\"elementor-icon-box-content\">\n\n\t\t\t\t\t\t\t\t\t<h3 class=\"elementor-icon-box-title\">\n\t\t\t\t\t\t<span  >\n\t\t\t\t\t\t\tKozmetikus:\t\t\t\t\t\t<\/span>\n\t\t\t\t\t<\/h3>\n\t\t\t\t\n\t\t\t\t\t\t\t\t\t<p class=\"elementor-icon-box-description\">\n\t\t\t\t\t\t+36 20 95 53 401 - Kindling T\u00edmea \n\t\t\t\t\t<\/p>\n\t\t\t\t\n\t\t\t<\/div>\n\t\t\t\n\t\t<\/div>\n\t\t\t\t\t\t<\/div>\n\t\t\t\t<\/div>\n\t\t\t\t<\/div>\n\t\t<div class=\"elementor-element elementor-element-0626e8d e-con-full e-flex e-con e-child\" data-id=\"0626e8d\" data-element_type=\"container\" data-settings=\"{&quot;background_background&quot;:&quot;classic&quot;}\">\n\t\t\t\t<div class=\"elementor-element elementor-element-ed40829 elementor-widget elementor-widget-icon-box\" data-id=\"ed40829\" data-element_type=\"widget\" data-widget_type=\"icon-box.default\">\n\t\t\t\t<div class=\"elementor-widget-container\">\n\t\t\t\t\t\t\t<div class=\"elementor-icon-box-wrapper\">\n\n\t\t\t\n\t\t\t\t\t\t<div class=\"elementor-icon-box-content\">\n\n\t\t\t\t\t\t\t\t\t<h3 class=\"elementor-icon-box-title\">\n\t\t\t\t\t\t<span  >\n\t\t\t\t\t\t\tFodr\u00e1szaink:\t\t\t\t\t\t<\/span>\n\t\t\t\t\t<\/h3>\n\t\t\t\t\n\t\t\t\t\t\t\t\t\t<p class=\"elementor-icon-box-description\">\n\t\t\t\t\t\t+36 20 38 73 019 - Kujbus \u00c9va <br>\n+36 20 37 85 834 - Ra\u00e1b G\u00e1bor <br>\n+36 20 28 77 571 - Juh\u00e1sz Judit\t\t\t\t\t<\/p>\n\t\t\t\t\n\t\t\t<\/div>\n\t\t\t\n\t\t<\/div>\n\t\t\t\t\t\t<\/div>\n\t\t\t\t<\/div>\n\t\t\t\t<\/div>\n\t\t<div class=\"elementor-element elementor-element-9d44bae e-con-full e-flex e-con e-child\" data-id=\"9d44bae\" data-element_type=\"container\" data-settings=\"{&quot;background_background&quot;:&quot;classic&quot;}\">\n\t\t\t\t<div class=\"elementor-element elementor-element-f0054d0 elementor-widget elementor-widget-icon-box\" data-id=\"f0054d0\" data-element_type=\"widget\" data-widget_type=\"icon-box.default\">\n\t\t\t\t<div class=\"elementor-widget-container\">\n\t\t\t\t\t\t\t<div class=\"elementor-icon-box-wrapper\">\n\n\t\t\t\n\t\t\t\t\t\t<div class=\"elementor-icon-box-content\">\n\n\t\t\t\t\t\t\t\t\t<h3 class=\"elementor-icon-box-title\">\n\t\t\t\t\t\t<span  >\n\t\t\t\t\t\t\tMassz\u00e1zs:\t\t\t\t\t\t<\/span>\n\t\t\t\t\t<\/h3>\n\t\t\t\t\n\t\t\t\t\t\t\t\t\t<p class=\"elementor-icon-box-description\">\n\t\t\t\t\t\t+36 30 43 09 010 - Nagy Rita\t\t\t\t\t<\/p>\n\t\t\t\t\n\t\t\t<\/div>\n\t\t\t\n\t\t<\/div>\n\t\t\t\t\t\t<\/div>\n\t\t\t\t<\/div>\n\t\t\t\t<\/div>\n\t\t<div class=\"elementor-element elementor-element-2e0c5c8 e-con-full e-flex e-con e-child\" data-id=\"2e0c5c8\" data-element_type=\"container\" data-settings=\"{&quot;background_background&quot;:&quot;classic&quot;}\">\n\t\t\t\t<div class=\"elementor-element elementor-element-33c887d elementor-widget elementor-widget-icon-box\" data-id=\"33c887d\" data-element_type=\"widget\" data-widget_type=\"icon-box.default\">\n\t\t\t\t<div class=\"elementor-widget-container\">\n\t\t\t\t\t\t\t<div class=\"elementor-icon-box-wrapper\">\n\n\t\t\t\n\t\t\t\t\t\t<div class=\"elementor-icon-box-content\">\n\n\t\t\t\t\t\t\t\t\t<h3 class=\"elementor-icon-box-title\">\n\t\t\t\t\t\t<span  >\n\t\t\t\t\t\t\tK\u00e9z\u00e1pol\u00f3 \u00e9s m\u0171k\u00f6r\u00f6m\u00e9p\u00edt\u0151:\t\t\t\t\t\t<\/span>\n\t\t\t\t\t<\/h3>\n\t\t\t\t\n\t\t\t\t\t\t\t\t\t<p class=\"elementor-icon-box-description\">\n\t\t\t\t\t\t+36 20 54 62 313 - Csondor Evelin \t\t\t\t\t<\/p>\n\t\t\t\t\n\t\t\t<\/div>\n\t\t\t\n\t\t<\/div>\n\t\t\t\t\t\t<\/div>\n\t\t\t\t<\/div>\n\t\t\t\t<\/div>\n\t\t\t\t<\/div>\n\t\t\t\t\t<\/div>\n\t\t<\/div>\n\t\t\t\t\t<\/div>\n\t\t<\/section>\n\t\t\t\t\t<\/div>\n\t\t<\/div>\n\t\t\t\t\t<\/div>\n\t\t<\/section>\n\t\t\t\t<\/div>\n\t\t","protected":false},"excerpt":{"rendered":"<p>Pro-age Color Amm\u00f3niamentes, g\u00e9l alap\u00fa hajsz\u00edn-vissza\u00e1ll\u00edt\u00f3 kezel\u00e9s f\u00e9rfiaknak Gyors \u00e9s term\u00e9szetes megold\u00e1s azoknak a f\u00e9rfiaknak, akik szeretn\u00e9k elt\u00fcntetni \u0151sz hajsz\u00e1laikat, de nem szeretn\u00e9nek hajfest\u00e9st. A kezel\u00e9s mind\u00f6ssze 5 perc alatt kifejti hat\u00e1s\u00e1t, \u00e9s len\u00f6v\u00e9smentes, term\u00e9szetes megjelen\u00e9st biztos\u00edt. Ide\u00e1lis v\u00e1laszt\u00e1s, ha diszkr\u00e9t, m\u00e9gis hat\u00e9kony megold\u00e1st keresel a fiatalosabb megjelen\u00e9s \u00e9rdek\u00e9ben. Amennyiben szeretn\u00e9 ig\u00e9nyelni Pro-age Color szolg\u00e1ltat\u00e1sunkat&#8230;<\/p>\n","protected":false},"author":1,"featured_media":0,"parent":0,"menu_order":0,"comment_status":"closed","ping_status":"closed","template":"template-builder.php","meta":{"inline_featured_image":false,"footnotes":""},"class_list":["post-4747","page","type-page","status-publish","hentry"],"_links":{"self":[{"href":"https:\/\/kameleonszepseg.hu\/index.php\/wp-json\/wp\/v2\/pages\/4747","targetHints":{"allow":["GET"]}}],"collection":[{"href":"https:\/\/kameleonszepseg.hu\/index.php\/wp-json\/wp\/v2\/pages"}],"about":[{"href":"https:\/\/kameleonszepseg.hu\/index.php\/wp-json\/wp\/v2\/types\/page"}],"author":[{"embeddable":true,"href":"https:\/\/kameleonszepseg.hu\/index.php\/wp-json\/wp\/v2\/users\/1"}],"replies":[{"embeddable":true,"href":"https:\/\/kameleonszepseg.hu\/index.php\/wp-json\/wp\/v2\/comments?post=4747"}],"version-history":[{"count":4,"href":"https:\/\/kameleonszepseg.hu\/index.php\/wp-json\/wp\/v2\/pages\/4747\/revisions"}],"predecessor-version":[{"id":4752,"href":"https:\/\/kameleonszepseg.hu\/index.php\/wp-json\/wp\/v2\/pages\/4747\/revisions\/4752"}],"wp:attachment":[{"href":"https:\/\/kameleonszepseg.hu\/index.php\/wp-json\/wp\/v2\/media?parent=4747"}],"curies":[{"name":"wp","href":"https:\/\/api.w.org\/{rel}","templated":true}]}}