{"id":4771,"date":"2025-05-09T10:35:56","date_gmt":"2025-05-09T10:35:56","guid":{"rendered":"https:\/\/kameleonszepseg.hu\/?page_id=4771"},"modified":"2025-05-09T10:36:38","modified_gmt":"2025-05-09T10:36:38","slug":"kollagen-hajkezeles","status":"publish","type":"page","link":"https:\/\/kameleonszepseg.hu\/index.php\/kollagen-hajkezeles\/","title":{"rendered":"Kollag\u00e9n hajkezel\u00e9s"},"content":{"rendered":"\t\t<div data-elementor-type=\"wp-page\" data-elementor-id=\"4771\" class=\"elementor elementor-4771\">\n\t\t\t\t\t\t<section class=\"elementor-section elementor-top-section elementor-element elementor-element-03cac8c elementor-section-full_width elementor-section-height-default elementor-section-height-default\" data-id=\"03cac8c\" data-element_type=\"section\">\n\t\t\t\t\t\t<div class=\"elementor-container elementor-column-gap-no\">\n\t\t\t\t\t<div class=\"elementor-column elementor-col-100 elementor-top-column elementor-element elementor-element-433a4ac\" data-id=\"433a4ac\" data-element_type=\"column\">\n\t\t\t<div class=\"elementor-widget-wrap elementor-element-populated\">\n\t\t\t\t\t\t<section class=\"elementor-section elementor-inner-section elementor-element elementor-element-5e2e63f elementor-section-boxed elementor-section-height-default elementor-section-height-default\" data-id=\"5e2e63f\" data-element_type=\"section\">\n\t\t\t\t\t\t<div class=\"elementor-container elementor-column-gap-no\">\n\t\t\t\t\t<div class=\"elementor-column elementor-col-50 elementor-inner-column elementor-element elementor-element-fdaef9e page-single service-single\" data-id=\"fdaef9e\" data-element_type=\"column\">\n\t\t\t<div class=\"elementor-widget-wrap elementor-element-populated\">\n\t\t\t\t\t\t<div class=\"elementor-element elementor-element-31d9c55 elementor-widget elementor-widget-text-editor\" data-id=\"31d9c55\" data-element_type=\"widget\" data-widget_type=\"text-editor.default\">\n\t\t\t\t<div class=\"elementor-widget-container\">\n\t\t\t\t\t\t\t\t\t<h3><span style=\"background-color: var(--white-color);\">Kollag\u00e9n hajkezel\u00e9s<\/span><\/h3><p class=\"\" data-start=\"55\" data-end=\"105\">\u2728 <strong data-start=\"57\" data-end=\"103\">T\u00e1pl\u00e1l\u00e1s \u00e9s er\u0151s\u00edt\u00e9s a hajnak \u00e9s fejb\u0151rnek<\/strong><\/p><p class=\"\" data-start=\"107\" data-end=\"340\">A kollag\u00e9n egy l\u00e9tfontoss\u00e1g\u00fa feh\u00e9rje, amely test\u00fcnk, b\u0151r\u00fcnk \u00e9s hajunk alapvet\u0151 \u00e9p\u00edt\u0151k\u00f6ve. Id\u0151vel \u00e9s k\u00fcls\u0151 hat\u00e1sok miatt mennyis\u00e9ge cs\u00f6kken, ami hajhull\u00e1shoz, sz\u00e1razs\u00e1ghoz \u00e9s t\u00f6redezetts\u00e9ghez vezethet. A kollag\u00e9n p\u00f3tl\u00e1s\u00e1val azonban:<\/p><p class=\"\" data-start=\"342\" data-end=\"571\">\u2714 <strong data-start=\"344\" data-end=\"380\">Meger\u0151s\u00edtheted hajad szerkezet\u00e9t<\/strong><br data-start=\"380\" data-end=\"383\" \/>\u2714 <strong data-start=\"385\" data-end=\"443\">Vissza\u00e1ll\u00edthatod a term\u00e9szetes f\u00e9ny\u00e9t \u00e9s rugalmass\u00e1g\u00e1t<\/strong><br data-start=\"443\" data-end=\"446\" \/>\u2714 <strong data-start=\"448\" data-end=\"508\">Meg\u00f3vhatod a hajhagym\u00e1kat a kisz\u00e1rad\u00e1st\u00f3l \u00e9s sorvad\u00e1st\u00f3l<\/strong><br data-start=\"508\" data-end=\"511\" \/>\u2714 <strong data-start=\"513\" data-end=\"569\">Lass\u00edthatod a haj elv\u00e9konyod\u00e1s\u00e1t \u00e9s a korai \u0151sz\u00fcl\u00e9st<\/strong><\/p><p class=\"\" data-start=\"573\" data-end=\"799\">\ud83d\udca1 <strong data-start=\"576\" data-end=\"595\">Hogyan m\u0171k\u00f6dik?<\/strong><br data-start=\"595\" data-end=\"598\" \/>A kollag\u00e9n m\u00e9lyen behatol a hajsz\u00e1lakba \u00e9s a fejb\u0151rbe, hidrat\u00e1lja \u00e9s t\u00e1pl\u00e1lja a hajhagym\u00e1kat, semleges\u00edti a k\u00e1ros szabad gy\u00f6k\u00f6ket, valamint seg\u00edti a keratin termel\u0151d\u00e9s\u00e9t \u2013 amely hajunk f\u0151 \u00e9p\u00edt\u0151eleme.<\/p><p class=\"\" data-start=\"801\" data-end=\"892\">\ud83d\udc86\u200d\u2640\ufe0f <strong data-start=\"807\" data-end=\"823\">Az eredm\u00e9ny?<\/strong><br data-start=\"823\" data-end=\"826\" \/>D\u00fasabb, eg\u00e9szs\u00e9gesebb, ragyog\u00f3bb haj m\u00e1r az els\u0151 kezel\u00e9sek ut\u00e1n!<\/p><p class=\"\" data-start=\"894\" data-end=\"978\">\ud83d\udc96 <strong data-start=\"897\" data-end=\"978\" data-is-last-node=\"\">V\u00e1laszd a kollag\u00e9n kezel\u00e9st, \u00e9s add meg hajadnak a t\u00f6r\u0151d\u00e9st, amit meg\u00e9rdemel!<\/strong><\/p><p><span style=\"font-size: 16px;\">Amennyiben szeretn\u00e9 ig\u00e9nyelni szolg\u00e1ltat\u00e1sunkat akkor vegye fel a kapcsolatot <\/span><strong>Kujbus \u00c9va \u2013 Fodr\u00e1szmester <\/strong>koll\u00e9g\u00e1nkkal!<\/p>\t\t\t\t\t\t\t\t<\/div>\n\t\t\t\t<\/div>\n\t\t\t\t<div class=\"elementor-element elementor-element-405dbc4 elementor-widget elementor-widget-button\" data-id=\"405dbc4\" data-element_type=\"widget\" data-widget_type=\"button.default\">\n\t\t\t\t<div class=\"elementor-widget-container\">\n\t\t\t\t\t\t\t\t\t<div class=\"elementor-button-wrapper\">\n\t\t\t\t\t<a class=\"elementor-button elementor-button-link elementor-size-sm\" href=\"https:\/\/kameleonszepseg.hu\/index.php\/kujbuseva-fodraszmester\/\">\n\t\t\t\t\t\t<span class=\"elementor-button-content-wrapper\">\n\t\t\t\t\t\t\t\t\t<span class=\"elementor-button-text\">Tov\u00e1bbi inform\u00e1ci\u00f3<\/span>\n\t\t\t\t\t<\/span>\n\t\t\t\t\t<\/a>\n\t\t\t\t<\/div>\n\t\t\t\t\t\t\t\t<\/div>\n\t\t\t\t<\/div>\n\t\t\t\t\t<\/div>\n\t\t<\/div>\n\t\t\t\t<div class=\"elementor-column elementor-col-50 elementor-inner-column elementor-element elementor-element-7560e0b sidebar-area service\" data-id=\"7560e0b\" data-element_type=\"column\">\n\t\t\t<div class=\"elementor-widget-wrap elementor-element-populated\">\n\t\t\t\t<div class=\"elementor-element elementor-element-65e9513 e-con-full e-flex e-con e-child\" data-id=\"65e9513\" data-element_type=\"container\" data-settings=\"{&quot;background_background&quot;:&quot;classic&quot;}\">\n\t\t\t\t<div class=\"elementor-element elementor-element-fa5fdb7 elementor-widget elementor-widget-heading\" data-id=\"fa5fdb7\" data-element_type=\"widget\" data-widget_type=\"heading.default\">\n\t\t\t\t<div class=\"elementor-widget-container\">\n\t\t\t\t\t<h2 class=\"elementor-heading-title elementor-size-default\">El\u00e9rhet\u0151s\u00e9geink<\/h2>\t\t\t\t<\/div>\n\t\t\t\t<\/div>\n\t\t\t\t<div class=\"elementor-element elementor-element-95ad981 elementor-widget elementor-widget-text-editor\" data-id=\"95ad981\" data-element_type=\"widget\" data-widget_type=\"text-editor.default\">\n\t\t\t\t<div class=\"elementor-widget-container\">\n\t\t\t\t\t\t\t\t\t<p>K\u00e9rd\u00e9sed lenne? Vagy szeretn\u00e9l id\u0151pontot foglalni?<\/p>\t\t\t\t\t\t\t\t<\/div>\n\t\t\t\t<\/div>\n\t\t<div class=\"elementor-element elementor-element-4ab3924 e-con-full e-flex e-con e-child\" data-id=\"4ab3924\" data-element_type=\"container\" data-settings=\"{&quot;background_background&quot;:&quot;classic&quot;}\">\n\t\t\t\t<div class=\"elementor-element elementor-element-db779c0 elementor-widget elementor-widget-icon-box\" data-id=\"db779c0\" data-element_type=\"widget\" data-widget_type=\"icon-box.default\">\n\t\t\t\t<div class=\"elementor-widget-container\">\n\t\t\t\t\t\t\t<div class=\"elementor-icon-box-wrapper\">\n\n\t\t\t\n\t\t\t\t\t\t<div class=\"elementor-icon-box-content\">\n\n\t\t\t\t\t\t\t\t\t<h3 class=\"elementor-icon-box-title\">\n\t\t\t\t\t\t<span  >\n\t\t\t\t\t\t\tC\u00edm\u00fcnk\t\t\t\t\t\t<\/span>\n\t\t\t\t\t<\/h3>\n\t\t\t\t\n\t\t\t\t\t\t\t\t\t<p class=\"elementor-icon-box-description\">\n\t\t\t\t\t\t2132 G\u00f6d, Kisfaludy u. 3.\t\t\t\t\t<\/p>\n\t\t\t\t\n\t\t\t<\/div>\n\t\t\t\n\t\t<\/div>\n\t\t\t\t\t\t<\/div>\n\t\t\t\t<\/div>\n\t\t\t\t<\/div>\n\t\t<div class=\"elementor-element elementor-element-55d1cf8 e-con-full e-flex e-con e-child\" data-id=\"55d1cf8\" data-element_type=\"container\" data-settings=\"{&quot;background_background&quot;:&quot;classic&quot;}\">\n\t\t\t\t<div class=\"elementor-element elementor-element-af076c4 elementor-widget elementor-widget-icon-box\" data-id=\"af076c4\" data-element_type=\"widget\" data-widget_type=\"icon-box.default\">\n\t\t\t\t<div class=\"elementor-widget-container\">\n\t\t\t\t\t\t\t<div class=\"elementor-icon-box-wrapper\">\n\n\t\t\t\n\t\t\t\t\t\t<div class=\"elementor-icon-box-content\">\n\n\t\t\t\t\t\t\t\t\t<h3 class=\"elementor-icon-box-title\">\n\t\t\t\t\t\t<span  >\n\t\t\t\t\t\t\tNyitvatart\u00e1s:\t\t\t\t\t\t<\/span>\n\t\t\t\t\t<\/h3>\n\t\t\t\t\n\t\t\t\t\t\t\t\t\t<p class=\"elementor-icon-box-description\">\n\t\t\t\t\t\tH\u00e9tf\u0151t\u0151l-p\u00e9ntekig: <br>\n8:00-19:00 \u00f3r\u00e1ig <br>\n\t\t\t\t\t<\/p>\n\t\t\t\t\n\t\t\t<\/div>\n\t\t\t\n\t\t<\/div>\n\t\t\t\t\t\t<\/div>\n\t\t\t\t<\/div>\n\t\t\t\t<\/div>\n\t\t<div class=\"elementor-element elementor-element-ce4e206 e-con-full e-flex e-con e-child\" data-id=\"ce4e206\" data-element_type=\"container\" data-settings=\"{&quot;background_background&quot;:&quot;classic&quot;}\">\n\t\t\t\t<div class=\"elementor-element elementor-element-a137118 elementor-widget elementor-widget-icon-box\" data-id=\"a137118\" data-element_type=\"widget\" data-widget_type=\"icon-box.default\">\n\t\t\t\t<div class=\"elementor-widget-container\">\n\t\t\t\t\t\t\t<div class=\"elementor-icon-box-wrapper\">\n\n\t\t\t\n\t\t\t\t\t\t<div class=\"elementor-icon-box-content\">\n\n\t\t\t\t\t\t\t\t\t<h3 class=\"elementor-icon-box-title\">\n\t\t\t\t\t\t<span  >\n\t\t\t\t\t\t\tKozmetikus:\t\t\t\t\t\t<\/span>\n\t\t\t\t\t<\/h3>\n\t\t\t\t\n\t\t\t\t\t\t\t\t\t<p class=\"elementor-icon-box-description\">\n\t\t\t\t\t\t+36 20 95 53 401 - Kindling T\u00edmea \n\t\t\t\t\t<\/p>\n\t\t\t\t\n\t\t\t<\/div>\n\t\t\t\n\t\t<\/div>\n\t\t\t\t\t\t<\/div>\n\t\t\t\t<\/div>\n\t\t\t\t<\/div>\n\t\t<div class=\"elementor-element elementor-element-0626e8d e-con-full e-flex e-con e-child\" data-id=\"0626e8d\" data-element_type=\"container\" data-settings=\"{&quot;background_background&quot;:&quot;classic&quot;}\">\n\t\t\t\t<div class=\"elementor-element elementor-element-ed40829 elementor-widget elementor-widget-icon-box\" data-id=\"ed40829\" data-element_type=\"widget\" data-widget_type=\"icon-box.default\">\n\t\t\t\t<div class=\"elementor-widget-container\">\n\t\t\t\t\t\t\t<div class=\"elementor-icon-box-wrapper\">\n\n\t\t\t\n\t\t\t\t\t\t<div class=\"elementor-icon-box-content\">\n\n\t\t\t\t\t\t\t\t\t<h3 class=\"elementor-icon-box-title\">\n\t\t\t\t\t\t<span  >\n\t\t\t\t\t\t\tFodr\u00e1szaink:\t\t\t\t\t\t<\/span>\n\t\t\t\t\t<\/h3>\n\t\t\t\t\n\t\t\t\t\t\t\t\t\t<p class=\"elementor-icon-box-description\">\n\t\t\t\t\t\t+36 20 38 73 019 - Kujbus \u00c9va <br>\n+36 20 37 85 834 - Ra\u00e1b G\u00e1bor <br>\n+36 20 28 77 571 - Juh\u00e1sz Judit\t\t\t\t\t<\/p>\n\t\t\t\t\n\t\t\t<\/div>\n\t\t\t\n\t\t<\/div>\n\t\t\t\t\t\t<\/div>\n\t\t\t\t<\/div>\n\t\t\t\t<\/div>\n\t\t<div class=\"elementor-element elementor-element-9d44bae e-con-full e-flex e-con e-child\" data-id=\"9d44bae\" data-element_type=\"container\" data-settings=\"{&quot;background_background&quot;:&quot;classic&quot;}\">\n\t\t\t\t<div class=\"elementor-element elementor-element-f0054d0 elementor-widget elementor-widget-icon-box\" data-id=\"f0054d0\" data-element_type=\"widget\" data-widget_type=\"icon-box.default\">\n\t\t\t\t<div class=\"elementor-widget-container\">\n\t\t\t\t\t\t\t<div class=\"elementor-icon-box-wrapper\">\n\n\t\t\t\n\t\t\t\t\t\t<div class=\"elementor-icon-box-content\">\n\n\t\t\t\t\t\t\t\t\t<h3 class=\"elementor-icon-box-title\">\n\t\t\t\t\t\t<span  >\n\t\t\t\t\t\t\tMassz\u00e1zs:\t\t\t\t\t\t<\/span>\n\t\t\t\t\t<\/h3>\n\t\t\t\t\n\t\t\t\t\t\t\t\t\t<p class=\"elementor-icon-box-description\">\n\t\t\t\t\t\t+36 30 43 09 010 - Nagy Rita\t\t\t\t\t<\/p>\n\t\t\t\t\n\t\t\t<\/div>\n\t\t\t\n\t\t<\/div>\n\t\t\t\t\t\t<\/div>\n\t\t\t\t<\/div>\n\t\t\t\t<\/div>\n\t\t<div class=\"elementor-element elementor-element-2e0c5c8 e-con-full e-flex e-con e-child\" data-id=\"2e0c5c8\" data-element_type=\"container\" data-settings=\"{&quot;background_background&quot;:&quot;classic&quot;}\">\n\t\t\t\t<div class=\"elementor-element elementor-element-33c887d elementor-widget elementor-widget-icon-box\" data-id=\"33c887d\" data-element_type=\"widget\" data-widget_type=\"icon-box.default\">\n\t\t\t\t<div class=\"elementor-widget-container\">\n\t\t\t\t\t\t\t<div class=\"elementor-icon-box-wrapper\">\n\n\t\t\t\n\t\t\t\t\t\t<div class=\"elementor-icon-box-content\">\n\n\t\t\t\t\t\t\t\t\t<h3 class=\"elementor-icon-box-title\">\n\t\t\t\t\t\t<span  >\n\t\t\t\t\t\t\tK\u00e9z\u00e1pol\u00f3 \u00e9s m\u0171k\u00f6r\u00f6m\u00e9p\u00edt\u0151:\t\t\t\t\t\t<\/span>\n\t\t\t\t\t<\/h3>\n\t\t\t\t\n\t\t\t\t\t\t\t\t\t<p class=\"elementor-icon-box-description\">\n\t\t\t\t\t\t+36 20 54 62 313 - Csondor Evelin \t\t\t\t\t<\/p>\n\t\t\t\t\n\t\t\t<\/div>\n\t\t\t\n\t\t<\/div>\n\t\t\t\t\t\t<\/div>\n\t\t\t\t<\/div>\n\t\t\t\t<\/div>\n\t\t\t\t<\/div>\n\t\t\t\t\t<\/div>\n\t\t<\/div>\n\t\t\t\t\t<\/div>\n\t\t<\/section>\n\t\t\t\t\t<\/div>\n\t\t<\/div>\n\t\t\t\t\t<\/div>\n\t\t<\/section>\n\t\t\t\t<\/div>\n\t\t","protected":false},"excerpt":{"rendered":"<p>Kollag\u00e9n hajkezel\u00e9s \u2728 T\u00e1pl\u00e1l\u00e1s \u00e9s er\u0151s\u00edt\u00e9s a hajnak \u00e9s fejb\u0151rnek A kollag\u00e9n egy l\u00e9tfontoss\u00e1g\u00fa feh\u00e9rje, amely test\u00fcnk, b\u0151r\u00fcnk \u00e9s hajunk alapvet\u0151 \u00e9p\u00edt\u0151k\u00f6ve. Id\u0151vel \u00e9s k\u00fcls\u0151 hat\u00e1sok miatt mennyis\u00e9ge cs\u00f6kken, ami hajhull\u00e1shoz, sz\u00e1razs\u00e1ghoz \u00e9s t\u00f6redezetts\u00e9ghez vezethet. A kollag\u00e9n p\u00f3tl\u00e1s\u00e1val azonban: \u2714 Meger\u0151s\u00edtheted hajad szerkezet\u00e9t\u2714 Vissza\u00e1ll\u00edthatod a term\u00e9szetes f\u00e9ny\u00e9t \u00e9s rugalmass\u00e1g\u00e1t\u2714 Meg\u00f3vhatod a hajhagym\u00e1kat a kisz\u00e1rad\u00e1st\u00f3l \u00e9s&#8230;<\/p>\n","protected":false},"author":1,"featured_media":0,"parent":0,"menu_order":0,"comment_status":"closed","ping_status":"closed","template":"template-builder.php","meta":{"inline_featured_image":false,"footnotes":""},"class_list":["post-4771","page","type-page","status-publish","hentry"],"_links":{"self":[{"href":"https:\/\/kameleonszepseg.hu\/index.php\/wp-json\/wp\/v2\/pages\/4771","targetHints":{"allow":["GET"]}}],"collection":[{"href":"https:\/\/kameleonszepseg.hu\/index.php\/wp-json\/wp\/v2\/pages"}],"about":[{"href":"https:\/\/kameleonszepseg.hu\/index.php\/wp-json\/wp\/v2\/types\/page"}],"author":[{"embeddable":true,"href":"https:\/\/kameleonszepseg.hu\/index.php\/wp-json\/wp\/v2\/users\/1"}],"replies":[{"embeddable":true,"href":"https:\/\/kameleonszepseg.hu\/index.php\/wp-json\/wp\/v2\/comments?post=4771"}],"version-history":[{"count":4,"href":"https:\/\/kameleonszepseg.hu\/index.php\/wp-json\/wp\/v2\/pages\/4771\/revisions"}],"predecessor-version":[{"id":4775,"href":"https:\/\/kameleonszepseg.hu\/index.php\/wp-json\/wp\/v2\/pages\/4771\/revisions\/4775"}],"wp:attachment":[{"href":"https:\/\/kameleonszepseg.hu\/index.php\/wp-json\/wp\/v2\/media?parent=4771"}],"curies":[{"name":"wp","href":"https:\/\/api.w.org\/{rel}","templated":true}]}}