{"id":4776,"date":"2025-05-09T10:37:00","date_gmt":"2025-05-09T10:37:00","guid":{"rendered":"https:\/\/kameleonszepseg.hu\/?page_id=4776"},"modified":"2025-05-09T10:37:26","modified_gmt":"2025-05-09T10:37:26","slug":"lisse-design-keratin-terapia","status":"publish","type":"page","link":"https:\/\/kameleonszepseg.hu\/index.php\/lisse-design-keratin-terapia\/","title":{"rendered":"LISSE DESIGN Keratin Ter\u00e1pia"},"content":{"rendered":"\t\t<div data-elementor-type=\"wp-page\" data-elementor-id=\"4776\" class=\"elementor elementor-4776\">\n\t\t\t\t\t\t<section class=\"elementor-section elementor-top-section elementor-element elementor-element-03cac8c elementor-section-full_width elementor-section-height-default elementor-section-height-default\" data-id=\"03cac8c\" data-element_type=\"section\">\n\t\t\t\t\t\t<div class=\"elementor-container elementor-column-gap-no\">\n\t\t\t\t\t<div class=\"elementor-column elementor-col-100 elementor-top-column elementor-element elementor-element-433a4ac\" data-id=\"433a4ac\" data-element_type=\"column\">\n\t\t\t<div class=\"elementor-widget-wrap elementor-element-populated\">\n\t\t\t\t\t\t<section class=\"elementor-section elementor-inner-section elementor-element elementor-element-5e2e63f elementor-section-boxed elementor-section-height-default elementor-section-height-default\" data-id=\"5e2e63f\" data-element_type=\"section\">\n\t\t\t\t\t\t<div class=\"elementor-container elementor-column-gap-no\">\n\t\t\t\t\t<div class=\"elementor-column elementor-col-50 elementor-inner-column elementor-element elementor-element-fdaef9e page-single service-single\" data-id=\"fdaef9e\" data-element_type=\"column\">\n\t\t\t<div class=\"elementor-widget-wrap elementor-element-populated\">\n\t\t\t\t\t\t<div class=\"elementor-element elementor-element-31d9c55 elementor-widget elementor-widget-text-editor\" data-id=\"31d9c55\" data-element_type=\"widget\" data-widget_type=\"text-editor.default\">\n\t\t\t\t<div class=\"elementor-widget-container\">\n\t\t\t\t\t\t\t\t\t<h3>LISSE DESIGN Keratin Ter\u00e1pia<\/h3><p class=\"\" data-start=\"69\" data-end=\"262\">A <strong data-start=\"71\" data-end=\"103\">Lisse Design Keratin Ter\u00e1pia<\/strong> nem csup\u00e1n egy hajsim\u00edt\u00f3 kezel\u00e9s, hanem egy <strong data-start=\"148\" data-end=\"182\">intenz\u00edv hajregener\u00e1l\u00f3 elj\u00e1r\u00e1s<\/strong>, amely <strong data-start=\"190\" data-end=\"219\">\u00e9lettel t\u00f6lti meg a hajat<\/strong> a magas keratintartalm\u00e1nak k\u00f6sz\u00f6nhet\u0151en.<\/p><p class=\"\" data-start=\"264\" data-end=\"529\">\ud83d\udd39 <strong data-start=\"267\" data-end=\"298\">Azonnali l\u00e1tv\u00e1nyos eredm\u00e9ny<\/strong><br data-start=\"298\" data-end=\"301\" \/>\ud83d\udd39 <strong data-start=\"304\" data-end=\"344\">Er\u0151s\u00edti a v\u00e9kony sz\u00e1l\u00fa, s\u00e9r\u00fclt hajat<\/strong><br data-start=\"344\" data-end=\"347\" \/>\ud83d\udd39 <strong data-start=\"350\" data-end=\"408\">Regener\u00e1lja a dauerolt, festett, sz\u0151k\u00edtett hajsz\u00e1lakat<\/strong><br data-start=\"408\" data-end=\"411\" \/>\ud83d\udd39 <strong data-start=\"414\" data-end=\"456\">Mell\u00e9khat\u00e1sk\u00e9nt a haj tart\u00f3san kisimul<\/strong><br data-start=\"456\" data-end=\"459\" \/>\ud83d\udd39 <strong data-start=\"462\" data-end=\"527\">A kezel\u00e9s ut\u00e1n a haj moshat\u00f3, gumizhat\u00f3, \u00e9s ak\u00e1r festhet\u0151 is!<\/strong><\/p><p class=\"\" data-start=\"531\" data-end=\"707\">A kezel\u00e9st <strong data-start=\"542\" data-end=\"606\">Made HSE tan\u00fas\u00edtv\u00e1nnyal rendelkez\u0151 laborat\u00f3riumok tesztelt\u00e9k<\/strong> egy amerikai k\u00f6rnyezetv\u00e9delmi szervezettel egy\u00fcttm\u0171k\u00f6dve, \u00edgy garant\u00e1ltan biztons\u00e1gos \u00e9s hat\u00e9kony!<\/p><p><span style=\"font-size: 16px;\">Amennyiben szeretn\u00e9 ig\u00e9nyelni szolg\u00e1ltat\u00e1sunkat akkor vegye fel a kapcsolatot <\/span><strong>Kujbus \u00c9va \u2013 Fodr\u00e1szmester <\/strong>koll\u00e9g\u00e1nkkal!<\/p>\t\t\t\t\t\t\t\t<\/div>\n\t\t\t\t<\/div>\n\t\t\t\t<div class=\"elementor-element elementor-element-405dbc4 elementor-widget elementor-widget-button\" data-id=\"405dbc4\" data-element_type=\"widget\" data-widget_type=\"button.default\">\n\t\t\t\t<div class=\"elementor-widget-container\">\n\t\t\t\t\t\t\t\t\t<div class=\"elementor-button-wrapper\">\n\t\t\t\t\t<a class=\"elementor-button elementor-button-link elementor-size-sm\" href=\"https:\/\/kameleonszepseg.hu\/index.php\/kujbuseva-fodraszmester\/\">\n\t\t\t\t\t\t<span class=\"elementor-button-content-wrapper\">\n\t\t\t\t\t\t\t\t\t<span class=\"elementor-button-text\">Tov\u00e1bbi inform\u00e1ci\u00f3<\/span>\n\t\t\t\t\t<\/span>\n\t\t\t\t\t<\/a>\n\t\t\t\t<\/div>\n\t\t\t\t\t\t\t\t<\/div>\n\t\t\t\t<\/div>\n\t\t\t\t\t<\/div>\n\t\t<\/div>\n\t\t\t\t<div class=\"elementor-column elementor-col-50 elementor-inner-column elementor-element elementor-element-7560e0b sidebar-area service\" data-id=\"7560e0b\" data-element_type=\"column\">\n\t\t\t<div class=\"elementor-widget-wrap elementor-element-populated\">\n\t\t\t\t<div class=\"elementor-element elementor-element-65e9513 e-con-full e-flex e-con e-child\" data-id=\"65e9513\" data-element_type=\"container\" data-settings=\"{&quot;background_background&quot;:&quot;classic&quot;}\">\n\t\t\t\t<div class=\"elementor-element elementor-element-fa5fdb7 elementor-widget elementor-widget-heading\" data-id=\"fa5fdb7\" data-element_type=\"widget\" data-widget_type=\"heading.default\">\n\t\t\t\t<div class=\"elementor-widget-container\">\n\t\t\t\t\t<h2 class=\"elementor-heading-title elementor-size-default\">El\u00e9rhet\u0151s\u00e9geink<\/h2>\t\t\t\t<\/div>\n\t\t\t\t<\/div>\n\t\t\t\t<div class=\"elementor-element elementor-element-95ad981 elementor-widget elementor-widget-text-editor\" data-id=\"95ad981\" data-element_type=\"widget\" data-widget_type=\"text-editor.default\">\n\t\t\t\t<div class=\"elementor-widget-container\">\n\t\t\t\t\t\t\t\t\t<p>K\u00e9rd\u00e9sed lenne? Vagy szeretn\u00e9l id\u0151pontot foglalni?<\/p>\t\t\t\t\t\t\t\t<\/div>\n\t\t\t\t<\/div>\n\t\t<div class=\"elementor-element elementor-element-4ab3924 e-con-full e-flex e-con e-child\" data-id=\"4ab3924\" data-element_type=\"container\" data-settings=\"{&quot;background_background&quot;:&quot;classic&quot;}\">\n\t\t\t\t<div class=\"elementor-element elementor-element-db779c0 elementor-widget elementor-widget-icon-box\" data-id=\"db779c0\" data-element_type=\"widget\" data-widget_type=\"icon-box.default\">\n\t\t\t\t<div class=\"elementor-widget-container\">\n\t\t\t\t\t\t\t<div class=\"elementor-icon-box-wrapper\">\n\n\t\t\t\n\t\t\t\t\t\t<div class=\"elementor-icon-box-content\">\n\n\t\t\t\t\t\t\t\t\t<h3 class=\"elementor-icon-box-title\">\n\t\t\t\t\t\t<span  >\n\t\t\t\t\t\t\tC\u00edm\u00fcnk\t\t\t\t\t\t<\/span>\n\t\t\t\t\t<\/h3>\n\t\t\t\t\n\t\t\t\t\t\t\t\t\t<p class=\"elementor-icon-box-description\">\n\t\t\t\t\t\t2132 G\u00f6d, Kisfaludy u. 3.\t\t\t\t\t<\/p>\n\t\t\t\t\n\t\t\t<\/div>\n\t\t\t\n\t\t<\/div>\n\t\t\t\t\t\t<\/div>\n\t\t\t\t<\/div>\n\t\t\t\t<\/div>\n\t\t<div class=\"elementor-element elementor-element-55d1cf8 e-con-full e-flex e-con e-child\" data-id=\"55d1cf8\" data-element_type=\"container\" data-settings=\"{&quot;background_background&quot;:&quot;classic&quot;}\">\n\t\t\t\t<div class=\"elementor-element elementor-element-af076c4 elementor-widget elementor-widget-icon-box\" data-id=\"af076c4\" data-element_type=\"widget\" data-widget_type=\"icon-box.default\">\n\t\t\t\t<div class=\"elementor-widget-container\">\n\t\t\t\t\t\t\t<div class=\"elementor-icon-box-wrapper\">\n\n\t\t\t\n\t\t\t\t\t\t<div class=\"elementor-icon-box-content\">\n\n\t\t\t\t\t\t\t\t\t<h3 class=\"elementor-icon-box-title\">\n\t\t\t\t\t\t<span  >\n\t\t\t\t\t\t\tNyitvatart\u00e1s:\t\t\t\t\t\t<\/span>\n\t\t\t\t\t<\/h3>\n\t\t\t\t\n\t\t\t\t\t\t\t\t\t<p class=\"elementor-icon-box-description\">\n\t\t\t\t\t\tH\u00e9tf\u0151t\u0151l-p\u00e9ntekig: <br>\n8:00-19:00 \u00f3r\u00e1ig <br>\n\t\t\t\t\t<\/p>\n\t\t\t\t\n\t\t\t<\/div>\n\t\t\t\n\t\t<\/div>\n\t\t\t\t\t\t<\/div>\n\t\t\t\t<\/div>\n\t\t\t\t<\/div>\n\t\t<div class=\"elementor-element elementor-element-ce4e206 e-con-full e-flex e-con e-child\" data-id=\"ce4e206\" data-element_type=\"container\" data-settings=\"{&quot;background_background&quot;:&quot;classic&quot;}\">\n\t\t\t\t<div class=\"elementor-element elementor-element-a137118 elementor-widget elementor-widget-icon-box\" data-id=\"a137118\" data-element_type=\"widget\" data-widget_type=\"icon-box.default\">\n\t\t\t\t<div class=\"elementor-widget-container\">\n\t\t\t\t\t\t\t<div class=\"elementor-icon-box-wrapper\">\n\n\t\t\t\n\t\t\t\t\t\t<div class=\"elementor-icon-box-content\">\n\n\t\t\t\t\t\t\t\t\t<h3 class=\"elementor-icon-box-title\">\n\t\t\t\t\t\t<span  >\n\t\t\t\t\t\t\tKozmetikus:\t\t\t\t\t\t<\/span>\n\t\t\t\t\t<\/h3>\n\t\t\t\t\n\t\t\t\t\t\t\t\t\t<p class=\"elementor-icon-box-description\">\n\t\t\t\t\t\t+36 20 95 53 401 - Kindling T\u00edmea \n\t\t\t\t\t<\/p>\n\t\t\t\t\n\t\t\t<\/div>\n\t\t\t\n\t\t<\/div>\n\t\t\t\t\t\t<\/div>\n\t\t\t\t<\/div>\n\t\t\t\t<\/div>\n\t\t<div class=\"elementor-element elementor-element-0626e8d e-con-full e-flex e-con e-child\" data-id=\"0626e8d\" data-element_type=\"container\" data-settings=\"{&quot;background_background&quot;:&quot;classic&quot;}\">\n\t\t\t\t<div class=\"elementor-element elementor-element-ed40829 elementor-widget elementor-widget-icon-box\" data-id=\"ed40829\" data-element_type=\"widget\" data-widget_type=\"icon-box.default\">\n\t\t\t\t<div class=\"elementor-widget-container\">\n\t\t\t\t\t\t\t<div class=\"elementor-icon-box-wrapper\">\n\n\t\t\t\n\t\t\t\t\t\t<div class=\"elementor-icon-box-content\">\n\n\t\t\t\t\t\t\t\t\t<h3 class=\"elementor-icon-box-title\">\n\t\t\t\t\t\t<span  >\n\t\t\t\t\t\t\tFodr\u00e1szaink:\t\t\t\t\t\t<\/span>\n\t\t\t\t\t<\/h3>\n\t\t\t\t\n\t\t\t\t\t\t\t\t\t<p class=\"elementor-icon-box-description\">\n\t\t\t\t\t\t+36 20 38 73 019 - Kujbus \u00c9va <br>\n+36 20 37 85 834 - Ra\u00e1b G\u00e1bor <br>\n+36 20 28 77 571 - Juh\u00e1sz Judit\t\t\t\t\t<\/p>\n\t\t\t\t\n\t\t\t<\/div>\n\t\t\t\n\t\t<\/div>\n\t\t\t\t\t\t<\/div>\n\t\t\t\t<\/div>\n\t\t\t\t<\/div>\n\t\t<div class=\"elementor-element elementor-element-9d44bae e-con-full e-flex e-con e-child\" data-id=\"9d44bae\" data-element_type=\"container\" data-settings=\"{&quot;background_background&quot;:&quot;classic&quot;}\">\n\t\t\t\t<div class=\"elementor-element elementor-element-f0054d0 elementor-widget elementor-widget-icon-box\" data-id=\"f0054d0\" data-element_type=\"widget\" data-widget_type=\"icon-box.default\">\n\t\t\t\t<div class=\"elementor-widget-container\">\n\t\t\t\t\t\t\t<div class=\"elementor-icon-box-wrapper\">\n\n\t\t\t\n\t\t\t\t\t\t<div class=\"elementor-icon-box-content\">\n\n\t\t\t\t\t\t\t\t\t<h3 class=\"elementor-icon-box-title\">\n\t\t\t\t\t\t<span  >\n\t\t\t\t\t\t\tMassz\u00e1zs:\t\t\t\t\t\t<\/span>\n\t\t\t\t\t<\/h3>\n\t\t\t\t\n\t\t\t\t\t\t\t\t\t<p class=\"elementor-icon-box-description\">\n\t\t\t\t\t\t+36 30 43 09 010 - Nagy Rita\t\t\t\t\t<\/p>\n\t\t\t\t\n\t\t\t<\/div>\n\t\t\t\n\t\t<\/div>\n\t\t\t\t\t\t<\/div>\n\t\t\t\t<\/div>\n\t\t\t\t<\/div>\n\t\t<div class=\"elementor-element elementor-element-2e0c5c8 e-con-full e-flex e-con e-child\" data-id=\"2e0c5c8\" data-element_type=\"container\" data-settings=\"{&quot;background_background&quot;:&quot;classic&quot;}\">\n\t\t\t\t<div class=\"elementor-element elementor-element-33c887d elementor-widget elementor-widget-icon-box\" data-id=\"33c887d\" data-element_type=\"widget\" data-widget_type=\"icon-box.default\">\n\t\t\t\t<div class=\"elementor-widget-container\">\n\t\t\t\t\t\t\t<div class=\"elementor-icon-box-wrapper\">\n\n\t\t\t\n\t\t\t\t\t\t<div class=\"elementor-icon-box-content\">\n\n\t\t\t\t\t\t\t\t\t<h3 class=\"elementor-icon-box-title\">\n\t\t\t\t\t\t<span  >\n\t\t\t\t\t\t\tK\u00e9z\u00e1pol\u00f3 \u00e9s m\u0171k\u00f6r\u00f6m\u00e9p\u00edt\u0151:\t\t\t\t\t\t<\/span>\n\t\t\t\t\t<\/h3>\n\t\t\t\t\n\t\t\t\t\t\t\t\t\t<p class=\"elementor-icon-box-description\">\n\t\t\t\t\t\t+36 20 54 62 313 - Csondor Evelin \t\t\t\t\t<\/p>\n\t\t\t\t\n\t\t\t<\/div>\n\t\t\t\n\t\t<\/div>\n\t\t\t\t\t\t<\/div>\n\t\t\t\t<\/div>\n\t\t\t\t<\/div>\n\t\t\t\t<\/div>\n\t\t\t\t\t<\/div>\n\t\t<\/div>\n\t\t\t\t\t<\/div>\n\t\t<\/section>\n\t\t\t\t\t<\/div>\n\t\t<\/div>\n\t\t\t\t\t<\/div>\n\t\t<\/section>\n\t\t\t\t<\/div>\n\t\t","protected":false},"excerpt":{"rendered":"<p>LISSE DESIGN Keratin Ter\u00e1pia A Lisse Design Keratin Ter\u00e1pia nem csup\u00e1n egy hajsim\u00edt\u00f3 kezel\u00e9s, hanem egy intenz\u00edv hajregener\u00e1l\u00f3 elj\u00e1r\u00e1s, amely \u00e9lettel t\u00f6lti meg a hajat a magas keratintartalm\u00e1nak k\u00f6sz\u00f6nhet\u0151en. \ud83d\udd39 Azonnali l\u00e1tv\u00e1nyos eredm\u00e9ny\ud83d\udd39 Er\u0151s\u00edti a v\u00e9kony sz\u00e1l\u00fa, s\u00e9r\u00fclt hajat\ud83d\udd39 Regener\u00e1lja a dauerolt, festett, sz\u0151k\u00edtett hajsz\u00e1lakat\ud83d\udd39 Mell\u00e9khat\u00e1sk\u00e9nt a haj tart\u00f3san kisimul\ud83d\udd39 A kezel\u00e9s ut\u00e1n a haj&#8230;<\/p>\n","protected":false},"author":1,"featured_media":0,"parent":0,"menu_order":0,"comment_status":"closed","ping_status":"closed","template":"template-builder.php","meta":{"inline_featured_image":false,"footnotes":""},"class_list":["post-4776","page","type-page","status-publish","hentry"],"_links":{"self":[{"href":"https:\/\/kameleonszepseg.hu\/index.php\/wp-json\/wp\/v2\/pages\/4776","targetHints":{"allow":["GET"]}}],"collection":[{"href":"https:\/\/kameleonszepseg.hu\/index.php\/wp-json\/wp\/v2\/pages"}],"about":[{"href":"https:\/\/kameleonszepseg.hu\/index.php\/wp-json\/wp\/v2\/types\/page"}],"author":[{"embeddable":true,"href":"https:\/\/kameleonszepseg.hu\/index.php\/wp-json\/wp\/v2\/users\/1"}],"replies":[{"embeddable":true,"href":"https:\/\/kameleonszepseg.hu\/index.php\/wp-json\/wp\/v2\/comments?post=4776"}],"version-history":[{"count":4,"href":"https:\/\/kameleonszepseg.hu\/index.php\/wp-json\/wp\/v2\/pages\/4776\/revisions"}],"predecessor-version":[{"id":4780,"href":"https:\/\/kameleonszepseg.hu\/index.php\/wp-json\/wp\/v2\/pages\/4776\/revisions\/4780"}],"wp:attachment":[{"href":"https:\/\/kameleonszepseg.hu\/index.php\/wp-json\/wp\/v2\/media?parent=4776"}],"curies":[{"name":"wp","href":"https:\/\/api.w.org\/{rel}","templated":true}]}}